{"id":3610,"date":"2022-11-15T10:01:44","date_gmt":"2022-11-15T09:01:44","guid":{"rendered":"https:\/\/jmribera.com\/ca\/?page_id=3610"},"modified":"2022-11-15T11:01:15","modified_gmt":"2022-11-15T10:01:15","slug":"publicacions","status":"publish","type":"page","link":"https:\/\/jmribera.com\/ca\/publicacions\/","title":{"rendered":"Publicacions pagina"},"content":{"rendered":"<div  class='flex_column av-ay4e3u-c2d391dfb16eb17bb72a452f47e2ccea av_one_third  avia-builder-el-0  el_before_av_one_third  avia-builder-el-first  first flex_column_div  '     ><p>\n<style type=\"text\/css\" data-created_by=\"avia_inline_auto\" id=\"style-css-av-lahzlzaz-9614d7bfc3363ff28c897c26b165219f\">\n#top .av-special-heading.av-lahzlzaz-9614d7bfc3363ff28c897c26b165219f{\npadding-bottom:10px;\nfont-size:24px;\n}\nbody .av-special-heading.av-lahzlzaz-9614d7bfc3363ff28c897c26b165219f .av-special-heading-tag .heading-char{\nfont-size:25px;\n}\n#top #wrap_all .av-special-heading.av-lahzlzaz-9614d7bfc3363ff28c897c26b165219f .av-special-heading-tag{\nfont-size:24px;\n}\n.av-special-heading.av-lahzlzaz-9614d7bfc3363ff28c897c26b165219f .av-subheading{\nfont-size:15px;\n}\n\n@media only screen and (min-width: 480px) and (max-width: 767px){ \n#top #wrap_all .av-special-heading.av-lahzlzaz-9614d7bfc3363ff28c897c26b165219f .av-special-heading-tag{\nfont-size:0.8em;\n}\n}\n\n@media only screen and (max-width: 479px){ \n#top #wrap_all .av-special-heading.av-lahzlzaz-9614d7bfc3363ff28c897c26b165219f .av-special-heading-tag{\nfont-size:0.8em;\n}\n}\n<\/style>\n<div  class='av-special-heading av-lahzlzaz-9614d7bfc3363ff28c897c26b165219f av-special-heading-h3 blockquote modern-quote  avia-builder-el-1  el_before_av_textblock  avia-builder-el-first  av-inherit-size'><h3 class='av-special-heading-tag '  itemprop=\"headline\"  >El turisme no existeix<\/h3><div class=\"special-heading-border\"><div class=\"special-heading-inner-border\"><\/div><\/div><\/div><br \/>\n<section  class='av_textblock_section av-9krzhm-807ff09c038cd3398b8ccf01eef3daeb '   itemscope=\"itemscope\" itemtype=\"https:\/\/schema.org\/CreativeWork\" ><div class='avia_textblock'  itemprop=\"text\" ><p>Com a sector, vull dir. Si he apr\u00e8s res despr\u00e9s de tants anys dedicat al turisme \u00e9s que no es tracta d\u2019un sector, sin\u00f3 d\u2019una conflu\u00e8ncia de sectors molt variats. Reduir el sector del turisme a l\u2019hostaleria \u00e9s un gran error, sobretot a Barcelona, que si s\u2019ha convertit en una destinaci\u00f3 d\u2019\u00e8xit global no ha estat nom\u00e9s pel seu parc d\u2019allotjaments tur\u00edstics, sin\u00f3 per una feli\u00e7 combinaci\u00f3 d\u2019espai i estil de vida, tradici\u00f3 i modernitat, seny i rauxa, al llarg d\u2019una hist\u00f2ria mil\u00b7len\u00e0ria. \u00c9s a dir, gr\u00e0cies a la seva cultura, que va ser efica\u00e7ment projectada al m\u00f3n amb l\u2019emotiva explosi\u00f3 d\u2019orgull ciutad\u00e0 i la gran campanya de comunicaci\u00f3 global que van representar els Jocs Ol\u00edmpics del 92.<\/p>\n<p>Est\u00e0 clar que el sector de la hostaleria, amb la seva qualitat i professionalitat indiscutible, ha estat clau per acollir els turistes que ens visiten i potenciar la seva experi\u00e8ncia a la ciutat, per\u00f2 sense sectors com el transport, el comer\u00e7, la gastronomia, els esports, la cultura, els esdeveniments, l\u2019oci nocturn, les universitats, la salut, les fires, els congressos, les finances, les telecomunicacions i sense serveis p\u00fablics de qualitat (mobilitat, seguretat, neteja, sanitat&#8230;.) els hotels de Barcelona estarien buits.<\/p>\n<p>En altres paraules, quan parlem de sector tur\u00edstic estem parlant de pr\u00e0cticament tots els sectors que conformen la nostra societat. Solucionar els efectes no desitjats del turisme, que no s\u00f3n pocs, \u00e9s, per tant, una tasca necess\u00e0riament col\u00b7lectiva.<\/p>\n<\/div><\/section><\/p><\/div>\n<div  class='flex_column av-6w9u1m-8b7dcba2f88783383a76c1b291cdeb81 av_one_third  avia-builder-el-3  el_after_av_one_third  el_before_av_one_third  flex_column_div  '     ><p>\n<style type=\"text\/css\" data-created_by=\"avia_inline_auto\" id=\"style-css-av-lai1mc0z-57d30a1e7e593fe465af36f35e4bd531\">\n.iconbox.av-lai1mc0z-57d30a1e7e593fe465af36f35e4bd531 .iconbox_icon{\ncolor:#f7c522;\n}\n.iconbox.av-lai1mc0z-57d30a1e7e593fe465af36f35e4bd531 .iconbox_icon.avia-svg-icon svg:first-child{\nfill:#f7c522;\nstroke:#f7c522;\n}\n<\/style>\n<article  class='iconbox iconbox_left av-lai1mc0z-57d30a1e7e593fe465af36f35e4bd531  avia-builder-el-4  el_before_av_textblock  avia-builder-el-first '  itemscope=\"itemscope\" itemtype=\"https:\/\/schema.org\/CreativeWork\" ><div class=\"iconbox_content\"><header class=\"entry-content-header\" aria-label=\"Icon: EL TURISTA \u00c9S UN CIUTAD\u00c0 TEMPORAL, AMB DRETS I DEURES\"><div class='iconbox_icon heading-color avia-iconfont avia-font-entypo-fontello' data-av_icon='\ue833' data-av_iconfont='entypo-fontello'  ><\/div><h3 class='iconbox_content_title '  itemprop=\"headline\" >EL TURISTA \u00c9S UN CIUTAD\u00c0 TEMPORAL, AMB DRETS I DEURES<\/h3><\/header><div class='iconbox_content_container '  itemprop=\"text\" ><\/div><\/div><footer class=\"entry-footer\"><\/footer><\/article><br \/>\n<section  class='av_textblock_section av-5jo07u-3f45ada24b41dfaa2540c227eac00593 '   itemscope=\"itemscope\" itemtype=\"https:\/\/schema.org\/CreativeWork\" ><div class='avia_textblock'  itemprop=\"text\" ><p>Una altra cosa que tamb\u00e9 he apr\u00e8s \u00e9s que en les capitals globals, com ara Barcelona, la frontera entre el ciutad\u00e0 i el turista \u00e9s cada cop m\u00e9s difosa i subtil. Hi ha turistes que es veuen d\u2019una hora lluny, per\u00f2 n\u2019hi ha d\u2019altres que no nom\u00e9s no ho semblen sin\u00f3 que estar\u00edem encantats de que fossin el nostre ve\u00ed -o ve\u00efna- de repl\u00e0. L\u2019Organitzaci\u00f3 Mundial del Turisme de les Nacions Unides (OMT) defineix com a turista aquella persona que passa entre un dia i un any en una destinaci\u00f3 determinada. Un turista pot estar fent cua a la Sagrada Fam\u00edlia, fent surf a la Barceloneta, fent el vermut a una tasca del Poble Sec, competint en un festival de curtmetratges, corrent per la carretera de les aig\u00fces, veient un partit del Bar\u00e7a, comprant espardenyes a Sants, col\u00b7laborant amb una ONG, participant en una start-up, visitant un familiar a l\u2019hospital, escoltant un concert al Palau de la M\u00fasica, ballant al Sonar, agafant el metro cap a Nou Barris o estudiant a la Universitat. Fins i tot podria ser la mateixa persona.<\/p>\n<p>Solucionar els efectes no desitjats del turisme, que s\u00f3n importants, passa per considerar el turista com a un ciutad\u00e0, temporal, amb drets i deures. Estar oberts als visitants de tot el m\u00f3n \u00e9s clau perqu\u00e8 Barcelona continu\u00ef essent una ciutat global, oberta, lliure, mestissa i cosmopolita, per\u00f2 cal fer-ho de manera sostenible. L\u2019OMT defineix el turisme sostenible com aquell que t\u00e9 plenament en compte les repercussions actuals i futures, econ\u00f2miques, socials i mediambientals del turisme per tal de satisfer les necessitats dels visitants, de la ind\u00fastria, de l&#8217;entorn i de les comunitats locals.<\/p>\n<\/div><\/section><\/p><\/div><div  class='flex_column av-eu76i-3833f37c42ae568cbd1b37b6df527c05 av_one_third  avia-builder-el-6  el_after_av_one_third  avia-builder-el-last  flex_column_div  '     ><section  class='av_textblock_section av-1zqt6i-aa19f3f90d9411ef86886fb424d12161 '   itemscope=\"itemscope\" itemtype=\"https:\/\/schema.org\/CreativeWork\" ><div class='avia_textblock'  itemprop=\"text\" ><p>Per assolir un model de turisme sostenible cal treballar a una doble escala. Per una banda a una escala \u201cmacro\u201d que defineixi les capacitats de c\u00e0rrega de la destinaci\u00f3 aix\u00ed com les eines efectives per modular els fluxos de turistes, essent conscients de la dificultat que suposa posar portes al camp. Per altra banda, cal treballar a una escala \u201cmicro\u201d que ens ajudi a con\u00e8ixer al major detall possible qui ens visita i si la seva visita \u00e9s sostenible per a la nostra ciutat. Es a dir, si en termes socials, mediambientals i econ\u00f2mics aquell ciutad\u00e0 temporal amb noms i cognoms ens aportar\u00e0 m\u00e9s valor que no pas el que ens detraur\u00e0, essent conscients de que no sempre podrem escollir el ve\u00ed \u2013 o la ve\u00efna- del repl\u00e0.<\/p>\n<p>Com poden veure, tenim tots plegats molta feina, per\u00f2 penso que sempre \u00e9s m\u00e9s agra\u00eft arremangar-se per gestionar l\u2019\u00e8xit que no pas el frac\u00e0s.<\/p>\n<p><strong>Joan Manuel Ribera \u00e9s consultor i va redactar el Pla Estrat\u00e8gic de Turisme de Catalunya<\/strong><\/p>\n<p><a href=\"https:\/\/jmribera.com\/wp-content\/uploads\/2015\/10\/Article-JMR-La-Vanguardia-_-220915.pdf\" target=\"_blank\" rel=\"noopener\">Article publicat a La Vanguardia &#8211; 22\/09\/15<\/a><\/p>\n<\/div><\/section><\/div><\/p>\n","protected":false},"excerpt":{"rendered":"","protected":false},"author":5,"featured_media":863,"parent":0,"menu_order":0,"comment_status":"closed","ping_status":"closed","template":"","meta":{"footnotes":""},"class_list":["post-3610","page","type-page","status-publish","has-post-thumbnail","hentry"],"_links":{"self":[{"href":"https:\/\/jmribera.com\/ca\/wp-json\/wp\/v2\/pages\/3610","targetHints":{"allow":["GET"]}}],"collection":[{"href":"https:\/\/jmribera.com\/ca\/wp-json\/wp\/v2\/pages"}],"about":[{"href":"https:\/\/jmribera.com\/ca\/wp-json\/wp\/v2\/types\/page"}],"author":[{"embeddable":true,"href":"https:\/\/jmribera.com\/ca\/wp-json\/wp\/v2\/users\/5"}],"replies":[{"embeddable":true,"href":"https:\/\/jmribera.com\/ca\/wp-json\/wp\/v2\/comments?post=3610"}],"version-history":[{"count":1,"href":"https:\/\/jmribera.com\/ca\/wp-json\/wp\/v2\/pages\/3610\/revisions"}],"predecessor-version":[{"id":4332,"href":"https:\/\/jmribera.com\/ca\/wp-json\/wp\/v2\/pages\/3610\/revisions\/4332"}],"wp:featuredmedia":[{"embeddable":true,"href":"https:\/\/jmribera.com\/ca\/wp-json\/wp\/v2\/media\/863"}],"wp:attachment":[{"href":"https:\/\/jmribera.com\/ca\/wp-json\/wp\/v2\/media?parent=3610"}],"curies":[{"name":"wp","href":"https:\/\/api.w.org\/{rel}","templated":true}]}}