{"id":698,"date":"2014-11-05T14:49:26","date_gmt":"2014-11-05T13:49:26","guid":{"rendered":"http:\/\/jmr.partners\/?page_id=698"},"modified":"2025-12-16T13:02:39","modified_gmt":"2025-12-16T12:02:39","slug":"contact","status":"publish","type":"page","link":"https:\/\/jmribera.com\/ca\/contact\/","title":{"rendered":"Contacte"},"content":{"rendered":"<div id='av-layout-grid-1'  class='av-layout-grid-container av-27vfyy-36954d2d6886cb18e4ae169191f60778 entry-content-wrapper main_color av-flex-cells  avia-builder-el-0  avia-builder-el-no-sibling  av-cell-min-height av-cell-min-height-100  container_wrap fullsize'   data-av_minimum_height_pc='100'>\n\n<style type=\"text\/css\" data-created_by=\"avia_inline_auto\" id=\"style-css-av-256luy-b75757609fffb8e5c7b69c0d94baee26\">\n.flex_cell.av-256luy-b75757609fffb8e5c7b69c0d94baee26{\nvertical-align:top;\n}\n.responsive #top #wrap_all .flex_cell.av-256luy-b75757609fffb8e5c7b69c0d94baee26{\npadding:30px 30px 30px 30px !important;\n}\n<\/style>\n<div class='flex_cell av-256luy-b75757609fffb8e5c7b69c0d94baee26 av-gridrow-cell av_one_half no_margin  avia-builder-el-1  el_before_av_cell_one_half  avia-builder-el-first  content-align-top'  ><div class='flex_cell_inner'><p>\n<style type=\"text\/css\" data-created_by=\"avia_inline_auto\" id=\"style-css-av-26diy-71874b87a5b98476bab71015e45a87ed\">\n#top .av-special-heading.av-26diy-71874b87a5b98476bab71015e45a87ed{\npadding-bottom:10px;\n}\nbody .av-special-heading.av-26diy-71874b87a5b98476bab71015e45a87ed .av-special-heading-tag .heading-char{\nfont-size:25px;\n}\n#top #wrap_all .av-special-heading.av-26diy-71874b87a5b98476bab71015e45a87ed .av-special-heading-tag{\npadding:95px 0 0 0;\n}\n.av-special-heading.av-26diy-71874b87a5b98476bab71015e45a87ed .av-subheading{\nfont-size:15px;\n}\n<\/style>\n<div  class='av-special-heading av-26diy-71874b87a5b98476bab71015e45a87ed av-special-heading-h3 blockquote modern-quote  avia-builder-el-2  el_before_av_contact  avia-builder-el-first '><h3 class='av-special-heading-tag '  itemprop=\"headline\"  >Contacte<\/h3><div class=\"special-heading-border\"><div class=\"special-heading-inner-border\"><\/div><\/div><\/div><br \/>\n<form action=\"https:\/\/jmribera.com\/ca\/contact\/\" method=\"post\" data-fields-with-error=\"Found errors in the following field(s):\" class=\"avia_ajax_form av-form-labels-hidden   avia-builder-el-3  el_after_av_heading  avia-builder-el-last  av-show-form-errors   \" data-avia-form-id=\"1\" data-avia-redirect='' ><fieldset><p class='  first_form  form_element form_fullwidth' id='element_avia_1_1'><label for=\"avia_1_1\">Nom <abbr class=\"required\" title=\"obligatori\">*<\/abbr><\/label> <input name=\"avia_1_1\" class=\"text_input is_empty\" type=\"text\" id=\"avia_1_1\" value=\"\"  placeholder='Nom*'\/><\/p><p class='  first_form  form_element form_fullwidth' id='element_avia_2_1'><label for=\"avia_2_1\">E-Mail <abbr class=\"required\" title=\"obligatori\">*<\/abbr><\/label> <input name=\"avia_2_1\" class=\"text_input is_email\" type=\"text\" id=\"avia_2_1\" value=\"\"  placeholder='E-Mail*'\/><\/p><p class='  first_form  form_element form_fullwidth' id='element_avia_3_1'><label for=\"avia_3_1\">Tel\u00e8fon <abbr class=\"required\" title=\"obligatori\">*<\/abbr><\/label> <input name=\"avia_3_1\" class=\"text_input is_phone\" type=\"text\" id=\"avia_3_1\" value=\"\"  placeholder='Tel\u00e8fon*'\/><\/p><p class='  first_form  form_element form_fullwidth' id='element_avia_4_1'><label for=\"avia_4_1\">Assumpte <abbr class=\"required\" title=\"obligatori\">*<\/abbr><\/label> <input name=\"avia_4_1\" class=\"text_input is_empty\" type=\"text\" id=\"avia_4_1\" value=\"\"  placeholder='Assumpte*'\/><\/p><p class='  first_form  form_element form_fullwidth' id='element_avia_5_1'><label for=\"avia_5_1\" class=\"textare_label hidden textare_label_avia_5_1\">Missatge <abbr class=\"required\" title=\"obligatori\">*<\/abbr><\/label><textarea  placeholder='Missatge*' name=\"avia_5_1\" class=\"text_area is_empty\" cols=\"40\" rows=\"7\" id=\"avia_5_1\" ><\/textarea><\/p><p class=\"hidden\"><input type=\"text\" name=\"avia_6_1\" class=\"hidden \" id=\"avia_6_1\" value=\"\" \/><\/p><div id='avia_7_1' class='av-recaptcha-area  first_form  form_element form_fullwidth '  data-container_class=\"\" data-custom_class=\"\" data-context=\"av_contact_form\" data-token_input=\"av_recaptcha_token\" data-version=\"avia_recaptcha_v3\" data-theme=\"light\" data-size=\"normal\" data-score=\"0.5\" data-text_to_preview=\"\" data-value=\"\"><div class=\"av-google-badge-message hidden\">This site is protected by reCAPTCHA and the Google <a href=\"https:\/\/policies.google.com\/privacy\">Privacy Policy<\/a> and <a href=\"https:\/\/policies.google.com\/terms\">Terms of Service<\/a> apply.<\/div><\/div><p class=\"form_element \"><input type=\"hidden\" value=\"1\" name=\"avia_generated_form1\" \/><input type=\"submit\" value=\"Enviar\" class=\"button\"  data-sending-label=\"Enviant\"\/><\/p><\/fieldset><div class=\"avia-disabled-form\">This contact form is deactivated because you refused to accept Google reCaptcha service which is necessary to validate any messages sent by the form.<\/div><\/form><div id=\"ajaxresponse_1\" class=\"ajaxresponse ajaxresponse_1 hidden\"><\/div><\/p>\n<\/div><\/div>\n<style type=\"text\/css\" data-created_by=\"avia_inline_auto\" id=\"style-css-av-12zssy-95b9815b8e469cec9f76d24b1a3092da\">\n.flex_cell.av-12zssy-95b9815b8e469cec9f76d24b1a3092da{\nvertical-align:top;\n}\n.responsive #top #wrap_all .flex_cell.av-12zssy-95b9815b8e469cec9f76d24b1a3092da{\npadding:30px 30px 30px 30px !important;\n}\n<\/style>\n<div class='flex_cell av-12zssy-95b9815b8e469cec9f76d24b1a3092da av-gridrow-cell av_one_half no_margin  avia-builder-el-4  el_after_av_cell_one_half  avia-builder-el-last  content-align-top'  ><div class='flex_cell_inner'><p><section  class='av_textblock_section av-rauhe-6be44467eda01caa58a02307bab75593 '   itemscope=\"itemscope\" itemtype=\"https:\/\/schema.org\/CreativeWork\" ><div class='avia_textblock'  itemprop=\"text\" ><p><strong>Juan Manuel Ribera<\/strong><\/p>\n<p><a href=\"mailto:jmribera@jmribera.com\">jmribera@jmribera.com<\/a><\/p>\n<p><a href=\"tel:+34649885136\">T. (+34) 649.885.136<\/a><\/p>\n<\/div><\/section><br \/>\n\n<style type=\"text\/css\" data-created_by=\"avia_inline_auto\" id=\"style-css-av-leut68pf-c5486b425673065c69e8f6be32672f09\">\n.avia-image-container.av-leut68pf-c5486b425673065c69e8f6be32672f09 img.avia_image{\nbox-shadow:none;\n}\n.avia-image-container.av-leut68pf-c5486b425673065c69e8f6be32672f09 .av-image-caption-overlay-center{\ncolor:#ffffff;\n}\n<\/style>\n<div  class='avia-image-container av-leut68pf-c5486b425673065c69e8f6be32672f09 av-styling- avia-align-center  avia-builder-el-6  el_after_av_textblock  el_before_av_heading '   itemprop=\"image\" itemscope=\"itemscope\" itemtype=\"https:\/\/schema.org\/ImageObject\" ><div class=\"avia-image-container-inner\"><div class=\"avia-image-overlay-wrap\"><img decoding=\"async\" fetchpriority=\"high\" class='wp-image-3950 avia-img-lazy-loading-not-3950 avia_image ' src=\"https:\/\/jmribera.com\/wp-content\/uploads\/2023\/03\/morato-1030x463.jpeg\" alt='' title='morato\u0301'  height=\"463\" width=\"1030\"  itemprop=\"thumbnailUrl\" srcset=\"https:\/\/jmribera.com\/wp-content\/uploads\/2023\/03\/morato-1030x463.jpeg 1030w, https:\/\/jmribera.com\/wp-content\/uploads\/2023\/03\/morato-300x135.jpeg 300w, https:\/\/jmribera.com\/wp-content\/uploads\/2023\/03\/morato-768x345.jpeg 768w, https:\/\/jmribera.com\/wp-content\/uploads\/2023\/03\/morato-1536x691.jpeg 1536w, https:\/\/jmribera.com\/wp-content\/uploads\/2023\/03\/morato-1200x540.jpeg 1200w, https:\/\/jmribera.com\/wp-content\/uploads\/2023\/03\/morato-1500x675.jpeg 1500w, https:\/\/jmribera.com\/wp-content\/uploads\/2023\/03\/morato-705x317.jpeg 705w, https:\/\/jmribera.com\/wp-content\/uploads\/2023\/03\/morato.jpeg 2048w\" sizes=\"(max-width: 1030px) 100vw, 1030px\" \/><\/div><\/div><\/div><br \/>\n\n<style type=\"text\/css\" data-created_by=\"avia_inline_auto\" id=\"style-css-av-6k8ea-39a7645da99fda60aa7f8a202506dafa\">\n#top .av-special-heading.av-6k8ea-39a7645da99fda60aa7f8a202506dafa{\npadding-bottom:10px;\nfont-size:18px;\n}\nbody .av-special-heading.av-6k8ea-39a7645da99fda60aa7f8a202506dafa .av-special-heading-tag .heading-char{\nfont-size:25px;\n}\n#top #wrap_all .av-special-heading.av-6k8ea-39a7645da99fda60aa7f8a202506dafa .av-special-heading-tag{\nfont-size:18px;\n}\n.av-special-heading.av-6k8ea-39a7645da99fda60aa7f8a202506dafa .av-subheading{\nfont-size:15px;\n}\n\n@media only screen and (min-width: 990px){ \n#top #wrap_all .av-special-heading.av-6k8ea-39a7645da99fda60aa7f8a202506dafa .av-special-heading-tag{\nfont-size:18px;\n}\n}\n\n@media only screen and (min-width: 480px) and (max-width: 767px){ \n#top #wrap_all .av-special-heading.av-6k8ea-39a7645da99fda60aa7f8a202506dafa .av-special-heading-tag{\nfont-size:0.8em;\n}\n}\n\n@media only screen and (max-width: 479px){ \n#top #wrap_all .av-special-heading.av-6k8ea-39a7645da99fda60aa7f8a202506dafa .av-special-heading-tag{\nfont-size:0.8em;\n}\n}\n<\/style>\n<div  class='av-special-heading av-6k8ea-39a7645da99fda60aa7f8a202506dafa av-special-heading-h3 blockquote modern-quote  avia-builder-el-7  el_after_av_image  el_before_av_textblock  av-inherit-size'><h3 class='av-special-heading-tag '  itemprop=\"headline\"  >Pol\u00edtica de privacitat de dades<\/h3><div class=\"special-heading-border\"><div class=\"special-heading-inner-border\"><\/div><\/div><\/div><br \/>\n<section  class='av_textblock_section av-e9wje-01f605ffee890d36d9d5e610eb957ba9 '   itemscope=\"itemscope\" itemtype=\"https:\/\/schema.org\/CreativeWork\" ><div class='avia_textblock'  itemprop=\"text\" ><p>Les dades de car\u00e0cter personal que es recullen a trav\u00e9s de la p\u00e0gina web, s\u00f3n \u00fanicament utilitzades a efectes de prestar els serveis sol\u00b7licitats. Les seves dades seran ubicades en fitxers titularitat de JMR &amp; Partners i seran arxivades pel per\u00edode de temps legalment necessari. Vost\u00e8 podr\u00e0 exercir els drets d&#8217;acc\u00e9s, rectificaci\u00f3, cancel\u00b7laci\u00f3 i oposici\u00f3 per escrit a JMR &amp; Partners, correu electr\u00f2nic: jmribera@jmribera.com<\/p>\n<\/div><\/section><\/p>\n<\/div><\/div><\/div>\n","protected":false},"excerpt":{"rendered":"","protected":false},"author":5,"featured_media":691,"parent":0,"menu_order":0,"comment_status":"closed","ping_status":"closed","template":"","meta":{"footnotes":""},"class_list":["post-698","page","type-page","status-publish","has-post-thumbnail","hentry"],"_links":{"self":[{"href":"https:\/\/jmribera.com\/ca\/wp-json\/wp\/v2\/pages\/698","targetHints":{"allow":["GET"]}}],"collection":[{"href":"https:\/\/jmribera.com\/ca\/wp-json\/wp\/v2\/pages"}],"about":[{"href":"https:\/\/jmribera.com\/ca\/wp-json\/wp\/v2\/types\/page"}],"author":[{"embeddable":true,"href":"https:\/\/jmribera.com\/ca\/wp-json\/wp\/v2\/users\/5"}],"replies":[{"embeddable":true,"href":"https:\/\/jmribera.com\/ca\/wp-json\/wp\/v2\/comments?post=698"}],"version-history":[{"count":8,"href":"https:\/\/jmribera.com\/ca\/wp-json\/wp\/v2\/pages\/698\/revisions"}],"predecessor-version":[{"id":4381,"href":"https:\/\/jmribera.com\/ca\/wp-json\/wp\/v2\/pages\/698\/revisions\/4381"}],"wp:featuredmedia":[{"embeddable":true,"href":"https:\/\/jmribera.com\/ca\/wp-json\/wp\/v2\/media\/691"}],"wp:attachment":[{"href":"https:\/\/jmribera.com\/ca\/wp-json\/wp\/v2\/media?parent=698"}],"curies":[{"name":"wp","href":"https:\/\/api.w.org\/{rel}","templated":true}]}}