{"id":798,"date":"2014-11-14T14:47:19","date_gmt":"2014-11-14T13:47:19","guid":{"rendered":"http:\/\/jmr.partners\/?page_id=798"},"modified":"2025-12-16T13:03:06","modified_gmt":"2025-12-16T12:03:06","slug":"experiencia-previa","status":"publish","type":"page","link":"https:\/\/jmribera.com\/ca\/experiencia-previa\/","title":{"rendered":"Experi\u00e8ncia"},"content":{"rendered":"<section  class='av_textblock_section av-3avxq-0b959e01055c8434951bb83ad62efbbe '   itemscope=\"itemscope\" itemtype=\"https:\/\/schema.org\/CreativeWork\" ><div class='avia_textblock'  itemprop=\"text\" ><h2>Projectes recents<\/h2>\n<\/div><\/section>\n<div  class='togglecontainer av-lac7ukw2-5589e37ea3954ab344e54f4aba58ac17  avia-builder-el-1  el_after_av_textblock  el_before_av_hr ' >\n<section class='av_toggle_section av-gozna-8b8b71bfdf6186f58639d50e3e5f4005'  itemscope=\"itemscope\" itemtype=\"https:\/\/schema.org\/CreativeWork\" ><div role=\"tablist\" class=\"single_toggle\" data-tags=\"{Tots} \"  ><p id='toggle-toggle-id-1' data-fake-id='#toggle-id-1' class='toggler  activeTitle av-title-above '  itemprop=\"headline\"  role='tab' tabindex='0' aria-controls='toggle-id-1' data-slide-speed=\"200\" data-title=\"Projectes recents\" data-title-open=\"\" data-aria_collapsed=\"Click to expand: Projectes recents\" data-aria_expanded=\"Click to collapse: Projectes recents\">Projectes recents<span class=\"toggle_icon\"><span class=\"vert_icon\"><\/span><span class=\"hor_icon\"><\/span><\/span><\/p><div id='toggle-id-1' aria-labelledby='toggle-toggle-id-1' role='region' class='toggle_wrap  active_tc av-title-above' style='display:block;' ><div class='toggle_content invers-color '  itemprop=\"text\" ><p><strong>2024. <\/strong><a href=\"https:\/\/jmribera.com\/ca\/projects\/2024-ports-del-marroc\/\">Estudi sobre la millora de l&#8217; atractiu i el rendiment tur\u00edstic dels ports esportius del Marroc<\/a><br \/>\n<strong>2023.<\/strong> <a href=\"https:\/\/jmribera.com\/ca\/projects\/2023-zenata-morocco\/\" rel=\"noopener\">Parc de Lleure Zenata (Mohammedia, Marroc)<\/a><br \/>\n<strong>2022.<\/strong> <a href=\"https:\/\/jmribera.com\/ca\/projects\/2022-la-industrial\/\">Pla de Negoci del Centre de Congressos La Industrial+ (Diputaci\u00f3 de Barcelona)<\/a><br \/>\n<strong>2022. <\/strong><a href=\"https:\/\/jmribera.com\/ca\/projects\/tot-nordic\/\">Pla de desenvolupament sostenible de les estacions d&#8217;esqu\u00ed n\u00f2rdic de Catalunya (Mancomunitat de Municipis per a la promoci\u00f3 de l\u2019esqu\u00ed n\u00f2rdic)<\/a><br \/>\n<strong>2021. <\/strong><a href=\"https:\/\/jmribera.com\/ca\/projects\/medpearls\/\">MED PEARLS, La Mediterr\u00e0nia com a destinaci\u00f3 innovadora, integral i \u00fanica per a les iniciatives de Slow Tourism (Ag\u00e8ncia Catalana de Turisme)<\/a><br \/>\n<strong>2020<\/strong>. <a href=\"https:\/\/jmribera.com\/ca\/projects\/2020-epiremed-poctefa\/\">Pla de Marketing estrat\u00e8gic i operatiu EPIREMED (Interreg Poctefa)<\/a><br \/>\n<strong>2019. <\/strong><a href=\"https:\/\/jmribera.com\/ca\/projects\/2019-ttfs-poctefa\/\">Pla de Marketing estrat\u00e8gic i operatiu TTFS (Interreg Poctefa)<\/a><br \/>\n<strong>2019<\/strong>. <a href=\"https:\/\/jmribera.com\/ca\/projects\/tetuan\/\">Estudi d&#8217;oportunitats econ\u00f2miques per a la Medina de Tetuan (Agence pour la Promotion et le D\u00e9veloppement \u00e9conomique et social des pr\u00e9fectures et provinces du Nord du Royaume du Maroc (APDN))<\/a><\/p>\n<\/div><\/div><\/div><\/section>\n<section class='av_toggle_section av-lae92zit-bc5449d43a059c8926805cbcca17119e'  itemscope=\"itemscope\" itemtype=\"https:\/\/schema.org\/CreativeWork\" ><div role=\"tablist\" class=\"single_toggle\" data-tags=\"{Tots} \"  ><p id='toggle-toggle-id-2' data-fake-id='#toggle-id-2' class='toggler  av-title-above '  itemprop=\"headline\"  role='tab' tabindex='0' aria-controls='toggle-id-2' data-slide-speed=\"200\" data-title=\"Projectes Destacats\" data-title-open=\"\" data-aria_collapsed=\"Click to expand: Projectes Destacats\" data-aria_expanded=\"Click to collapse: Projectes Destacats\">Projectes Destacats<span class=\"toggle_icon\"><span class=\"vert_icon\"><\/span><span class=\"hor_icon\"><\/span><\/span><\/p><div id='toggle-id-2' aria-labelledby='toggle-toggle-id-2' role='region' class='toggle_wrap  av-title-above'  ><div class='toggle_content invers-color '  itemprop=\"text\" ><div  class='avia-builder-widget-area clearfix  avia-builder-el-2  avia-builder-el-no-sibling '><div id=\"portfoliobox-3\" class=\"widget clearfix avia-widget-container newsbox\"><ul class=\"news-wrap image_size_widget\"><li class=\"news-content post-format-standard\"><div class=\"news-link\"><a class='news-thumb ' title=\"Read: 2022 &#8211; La Industrial+ (Barcelona)\" href=\"https:\/\/jmribera.com\/ca\/projects\/2022-la-industrial\/\"><img decoding=\"async\" loading=\"lazy\" width=\"36\" height=\"36\" src=\"https:\/\/jmribera.com\/wp-content\/uploads\/2022\/11\/la-industrial-6-36x36.png\" class=\"wp-image-2375 avia-img-lazy-loading-2375 attachment-widget size-widget wp-post-image\" alt=\"\" srcset=\"https:\/\/jmribera.com\/wp-content\/uploads\/2022\/11\/la-industrial-6-36x36.png 36w, https:\/\/jmribera.com\/wp-content\/uploads\/2022\/11\/la-industrial-6-80x80.png 80w, https:\/\/jmribera.com\/wp-content\/uploads\/2022\/11\/la-industrial-6-180x180.png 180w\" sizes=\"auto, (max-width: 36px) 100vw, 36px\" \/><\/a><div class=\"news-headline\"><a class='news-title' title=\"Read: 2022 &#8211; La Industrial+ (Barcelona)\" href=\"https:\/\/jmribera.com\/ca\/projects\/2022-la-industrial\/\">2022 &#8211; La Industrial+ (Barcelona)<\/a><span class=\"news-time\">10 November, 2022 - 11:04 pm<\/span><\/div><\/div><\/li><li class=\"news-content post-format-standard\"><div class=\"news-link\"><a class='news-thumb ' title=\"Read: 2010 &#8211; Allotjament exclusiu Alemanys5, Girona\" href=\"https:\/\/jmribera.com\/ca\/projects\/allotjament-sostenible-alemanys5-com\/\"><img decoding=\"async\" loading=\"lazy\" width=\"36\" height=\"36\" src=\"https:\/\/jmribera.com\/wp-content\/uploads\/2014\/10\/Terraza-y-cocina-reducida-36x36.jpg\" class=\"wp-image-642 avia-img-lazy-loading-642 attachment-widget size-widget wp-post-image\" alt=\"\" srcset=\"https:\/\/jmribera.com\/wp-content\/uploads\/2014\/10\/Terraza-y-cocina-reducida-36x36.jpg 36w, https:\/\/jmribera.com\/wp-content\/uploads\/2014\/10\/Terraza-y-cocina-reducida-80x80.jpg 80w, https:\/\/jmribera.com\/wp-content\/uploads\/2014\/10\/Terraza-y-cocina-reducida-180x180.jpg 180w, https:\/\/jmribera.com\/wp-content\/uploads\/2014\/10\/Terraza-y-cocina-reducida-120x120.jpg 120w, https:\/\/jmribera.com\/wp-content\/uploads\/2014\/10\/Terraza-y-cocina-reducida-450x450.jpg 450w\" sizes=\"auto, (max-width: 36px) 100vw, 36px\" \/><\/a><div class=\"news-headline\"><a class='news-title' title=\"Read: 2010 &#8211; Allotjament exclusiu Alemanys5, Girona\" href=\"https:\/\/jmribera.com\/ca\/projects\/allotjament-sostenible-alemanys5-com\/\">2010 &#8211; Allotjament exclusiu Alemanys5, Girona<\/a><span class=\"news-time\">5 November, 2022 - 4:51 pm<\/span><\/div><\/div><\/li><li class=\"news-content post-format-standard\"><div class=\"news-link\"><a class='news-thumb ' title=\"Read: 2022 &#8211; Tot N\u00f2rdic\" href=\"https:\/\/jmribera.com\/ca\/projects\/tot-nordic\/\"><img decoding=\"async\" loading=\"lazy\" width=\"36\" height=\"36\" src=\"https:\/\/jmribera.com\/wp-content\/uploads\/2022\/11\/tot-nordic-esqui-2-36x36.png\" class=\"wp-image-2452 avia-img-lazy-loading-2452 attachment-widget size-widget wp-post-image\" alt=\"\" srcset=\"https:\/\/jmribera.com\/wp-content\/uploads\/2022\/11\/tot-nordic-esqui-2-36x36.png 36w, https:\/\/jmribera.com\/wp-content\/uploads\/2022\/11\/tot-nordic-esqui-2-80x80.png 80w, https:\/\/jmribera.com\/wp-content\/uploads\/2022\/11\/tot-nordic-esqui-2-180x180.png 180w\" sizes=\"auto, (max-width: 36px) 100vw, 36px\" \/><\/a><div class=\"news-headline\"><a class='news-title' title=\"Read: 2022 &#8211; Tot N\u00f2rdic\" href=\"https:\/\/jmribera.com\/ca\/projects\/tot-nordic\/\">2022 &#8211; Tot N\u00f2rdic<\/a><span class=\"news-time\">11 October, 2022 - 12:02 am<\/span><\/div><\/div><\/li><li class=\"news-content post-format-standard\"><div class=\"news-link\"><a class='news-thumb ' title=\"Read: 2021 &#8211; Med Pearls\" href=\"https:\/\/jmribera.com\/ca\/projects\/medpearls\/\"><img decoding=\"async\" loading=\"lazy\" width=\"36\" height=\"36\" src=\"https:\/\/jmribera.com\/wp-content\/uploads\/2022\/11\/MED-PEARLS-cover--36x36.jpg\" class=\"wp-image-2493 avia-img-lazy-loading-2493 attachment-widget size-widget wp-post-image\" alt=\"\" srcset=\"https:\/\/jmribera.com\/wp-content\/uploads\/2022\/11\/MED-PEARLS-cover--36x36.jpg 36w, https:\/\/jmribera.com\/wp-content\/uploads\/2022\/11\/MED-PEARLS-cover--80x80.jpg 80w, https:\/\/jmribera.com\/wp-content\/uploads\/2022\/11\/MED-PEARLS-cover--180x180.jpg 180w\" sizes=\"auto, (max-width: 36px) 100vw, 36px\" \/><\/a><div class=\"news-headline\"><a class='news-title' title=\"Read: 2021 &#8211; Med Pearls\" href=\"https:\/\/jmribera.com\/ca\/projects\/medpearls\/\">2021 &#8211; Med Pearls<\/a><span class=\"news-time\">11 November, 2021 - 12:36 am<\/span><\/div><\/div><\/li><li class=\"news-content post-format-standard\"><div class=\"news-link\"><a class='news-thumb ' title=\"Read: 2020 &#8211; EPIREMED\" href=\"https:\/\/jmribera.com\/ca\/projects\/2020-epiremed-poctefa\/\"><img decoding=\"async\" loading=\"lazy\" width=\"36\" height=\"36\" src=\"https:\/\/jmribera.com\/wp-content\/uploads\/2022\/11\/epiremed-36x36.jpg\" class=\"wp-image-2576 avia-img-lazy-loading-2576 attachment-widget size-widget wp-post-image\" alt=\"\" srcset=\"https:\/\/jmribera.com\/wp-content\/uploads\/2022\/11\/epiremed-36x36.jpg 36w, https:\/\/jmribera.com\/wp-content\/uploads\/2022\/11\/epiremed-80x80.jpg 80w, https:\/\/jmribera.com\/wp-content\/uploads\/2022\/11\/epiremed-180x180.jpg 180w\" sizes=\"auto, (max-width: 36px) 100vw, 36px\" \/><\/a><div class=\"news-headline\"><a class='news-title' title=\"Read: 2020 &#8211; EPIREMED\" href=\"https:\/\/jmribera.com\/ca\/projects\/2020-epiremed-poctefa\/\">2020 &#8211; EPIREMED<\/a><span class=\"news-time\">11 November, 2020 - 1:21 am<\/span><\/div><\/div><\/li><li class=\"news-content post-format-standard\"><div class=\"news-link\"><a class='news-thumb ' title=\"Read: 2020 &#8211; Celler de Quart\" href=\"https:\/\/jmribera.com\/ca\/projects\/celler-de-quart\/\"><img decoding=\"async\" loading=\"lazy\" width=\"36\" height=\"36\" src=\"https:\/\/jmribera.com\/wp-content\/uploads\/2021\/10\/celler-1-36x36.jpeg\" class=\"wp-image-2035 avia-img-lazy-loading-2035 attachment-widget size-widget wp-post-image\" alt=\"\" srcset=\"https:\/\/jmribera.com\/wp-content\/uploads\/2021\/10\/celler-1-36x36.jpeg 36w, https:\/\/jmribera.com\/wp-content\/uploads\/2021\/10\/celler-1-80x80.jpeg 80w, https:\/\/jmribera.com\/wp-content\/uploads\/2021\/10\/celler-1-180x180.jpeg 180w\" sizes=\"auto, (max-width: 36px) 100vw, 36px\" \/><\/a><div class=\"news-headline\"><a class='news-title' title=\"Read: 2020 &#8211; Celler de Quart\" href=\"https:\/\/jmribera.com\/ca\/projects\/celler-de-quart\/\">2020 &#8211; Celler de Quart<\/a><span class=\"news-time\">6 October, 2020 - 11:39 pm<\/span><\/div><\/div><\/li><\/ul><\/div><\/div>\n<\/div><\/div><\/div><\/section>\n<\/div>\n\n<style type=\"text\/css\" data-created_by=\"avia_inline_auto\" id=\"style-css-av-lac803jh-eb5219fc180fcd0e8c111ebbda6197c8\">\n#top .hr.hr-invisible.av-lac803jh-eb5219fc180fcd0e8c111ebbda6197c8{\nheight:20px;\n}\n<\/style>\n<div  class='hr av-lac803jh-eb5219fc180fcd0e8c111ebbda6197c8 hr-invisible'><span class='hr-inner '><span class=\"hr-inner-style\"><\/span><\/span><\/div>\n<section  class='av_textblock_section av-aw21i-d612e515040794be1bd327593c474533 '   itemscope=\"itemscope\" itemtype=\"https:\/\/schema.org\/CreativeWork\" ><div class='avia_textblock'  itemprop=\"text\" ><h2>Experi\u00e8ncia pr\u00e8via (T&amp;L Europraxis &#8211; INDRA)<\/h2>\n<\/div><\/section>\n<div  class='togglecontainer av-sbjjq-db781c013773ab159cd7492d9017a3fe' >\n<section class='av_toggle_section av-jhcau-ff3f37370fee45b3c7266311fb7d8ba0'  itemscope=\"itemscope\" itemtype=\"https:\/\/schema.org\/CreativeWork\" ><div role=\"tablist\" class=\"single_toggle\" data-tags=\"{Tots} \"  ><p id='toggle-toggle-id-3' data-fake-id='#toggle-id-3' class='toggler  activeTitle av-title-above '  itemprop=\"headline\"  role='tab' tabindex='0' aria-controls='toggle-id-3' data-slide-speed=\"200\" data-title=\"Planificaci\u00f3 de destinacions tur\u00edstiques\" data-title-open=\"\" data-aria_collapsed=\"Click to expand: Planificaci\u00f3 de destinacions tur\u00edstiques\" data-aria_expanded=\"Click to collapse: Planificaci\u00f3 de destinacions tur\u00edstiques\">Planificaci\u00f3 de destinacions tur\u00edstiques<span class=\"toggle_icon\"><span class=\"vert_icon\"><\/span><span class=\"hor_icon\"><\/span><\/span><\/p><div id='toggle-id-3' aria-labelledby='toggle-toggle-id-3' role='region' class='toggle_wrap  active_tc av-title-above' style='display:block;' ><div class='toggle_content invers-color '  itemprop=\"text\" ><p><strong>2000<\/strong>. Estudi de la imatge d\u2019Espanya com a dest\u00ed tur\u00edstic a Europa . Definici\u00f3 del \u201cbriefing\u201d per al concurs d\u2019ag\u00e8ncies sobre la campanya internacional de publicitat i pre-test de les propostes (Turespa\u00f1a).<br \/>\n<strong>2002<\/strong>. Pla de desenvolupament tur\u00edstic de Fes (Ministeri de Turisme del Marroc i Ag\u00e8ncia Urbana de Fes). Cap de projecte.<br \/>\n<strong>2003<\/strong>. Pla estrat\u00e8gic per al sector del turisme de neu i muntanya a Catalunya (Associaci\u00f3 catalana d\u2019estacions d\u2019esqu\u00ed i activitats de muntanya &#8211; ACEM)<br \/>\n<strong>2004<\/strong>. Pla de desenvolupament tur\u00edstic de T\u00e0nger i reordenament del seu front mar\u00edtim (Ministeri de Turisme de Marroc i Agencia per al desenvolupament i promoci\u00f3 de las prov\u00edncies del Nord)<br \/>\n<strong>2005<\/strong>. Pla de creaci\u00f3 i desenvolupament de la marca \u201cdestinacions de turisme esportiu\u201d a Catalunya (Turisme de Catalunya)<br \/>\n<strong>2006<\/strong>. Pla estrat\u00e8gic de desenvolupament sostenible del Turisme de l\u2019 Equador, \u201cPlandetur 2020\u201d (Ministeri de Turisme de l\u2019Equador \u2013 Banc Interameric\u00e0 de Desenvolupament)<br \/>\n<strong>2007<\/strong>. Estudi de m\u00e0rqueting per al reposicionament de la ciutat de Meknes i la regi\u00f3 del Tafilalet, Marroc (Centre Regional d&#8217;Inversions-Ministeri de Turisme). Director de projecte.<br \/>\n<strong>2008<\/strong>. Pla Mestre de desenvolupament tur\u00edstic sostenible de Panam\u00e0 2007-2020 (Instituto Paname\u00f1o de Turismo \u2013 Banc Interameric\u00e0 de Desenvolupament)<br \/>\n<strong>2009<\/strong>. Pla estrat\u00e8gic de Turisme de Marroc, Visi\u00f3 2020, en consorci amb Monitor (ONMT, SMIT, Ministeri de Turisme de Marroc)<br \/>\n<strong>2010<\/strong>. Pla estrat\u00e8gic de m\u00e0rqueting de Barcelona (Oficina del Pla Estrat\u00e8gic de Barcelona 2015, Ajuntament de Barcelona -Turisme de Barcelona)<br \/>\n<strong>2010<\/strong>. Pla estrat\u00e8gic de Turisme sostenible de Belize (Ministeri de Turisme de Belize, Banc Interameric\u00e0 de Desenvolupament)<br \/>\n<strong>2011<\/strong>. Candidatura de Barcelona Pirineu per als JJOO d\u2019hivern 2022. (Oficina T\u00e8cnica de la Candidatura) Cap de Promoci\u00f3<br \/>\n<strong>2012<\/strong>. Pla Estrat\u00e8gic de Turisme de Catalunya 2020 (Generalitat de Catalunya, Direcci\u00f3 General de Turisme)<br \/>\n<strong>2013<\/strong>. Coordinaci\u00f3 del Pla Global de Comunicaci\u00f3 de Barcelona amb l\u2019Institut Barcelona Esports (Ajuntament de Barcelona)<\/p>\n<\/div><\/div><\/div><\/section>\n<section class='av_toggle_section av-ezcie-c94fbf88a96e58ec501b546e7313ca19'  itemscope=\"itemscope\" itemtype=\"https:\/\/schema.org\/CreativeWork\" ><div role=\"tablist\" class=\"single_toggle\" data-tags=\"{Tots} \"  ><p id='toggle-toggle-id-4' data-fake-id='#toggle-id-4' class='toggler  av-title-above '  itemprop=\"headline\"  role='tab' tabindex='0' aria-controls='toggle-id-4' data-slide-speed=\"200\" data-title=\"Hotels &amp; Resorts\" data-title-open=\"\" data-aria_collapsed=\"Click to expand: Hotels &amp; Resorts\" data-aria_expanded=\"Click to collapse: Hotels &amp; Resorts\">Hotels &amp; Resorts<span class=\"toggle_icon\"><span class=\"vert_icon\"><\/span><span class=\"hor_icon\"><\/span><\/span><\/p><div id='toggle-id-4' aria-labelledby='toggle-toggle-id-4' role='region' class='toggle_wrap  av-title-above'  ><div class='toggle_content invers-color '  itemprop=\"text\" ><p><strong>2001<\/strong>. Conceptualitzaci\u00f3 i Pla de negoci per al desenvolupament d\u2019un resort a Essaouira-Mogador, Marroc (Ministeri de Turisme)<br \/>\n<strong>2001<\/strong>. Conceptualitzaci\u00f3 i Pla de negoci per al desenvolupament d\u2019un resort a El Jadida-Mazagan, Marroc (Ministeri de Turisme)<br \/>\n<strong>2001<\/strong>. Pla de reposicionament de l\u2019hotel de muntanya Comtes del Pallars, Lleida. (Ros Roca)<br \/>\n<strong>2001<\/strong>. Elaboraci\u00f3 d\u2019un memorandum per la recerca d\u2019inversors per a un hotel vacacional a Islantilla, Huelva, (Lazard- Oasis Hoteles)<br \/>\n<strong>2002<\/strong>. Estudi sobre oportunitats d\u2019 inversi\u00f3 en els destins emergents del Mediterrani (Med Group-Soros)<br \/>\n<strong>2002<\/strong>. Pla de negoci per al projecte de reconversi\u00f3 de l\u2019edifici hist\u00f2ric \u00abLa Rotonda\u00bb en un hotel de negocis. Barcelona (N\u00fa\u00f1ez i Navarro)<br \/>\n<strong>2003<\/strong>. Conceptualitzaci\u00f3 i Pla de negoci per al desenvolupament d\u2019un hotel boutique a Platja d\u2019Aro, Espanya (Sol Roig)<br \/>\n<strong>2003<\/strong>. Conceptualitzaci\u00f3 i Pla de negoci per al desenvolupament d\u2019un hotel de gran luxe a Marrakech, Marroc (Siger, empresa patrimonial del Rei de Marroc)<br \/>\n<strong>2003<\/strong>. Pla de negoci per al desenvolupament d\u2019un resort tur\u00edstic a Playa Hermosa, Tumbes, Per\u00fa (Proinversi\u00f3n)<br \/>\n<strong>2003<\/strong>. Pla de negoci per al desenvolupament d\u2019un resort de muntanya de nova generaci\u00f3 en El Tarter 1710, Pirineu d\u2019Andorra. (Casa Molines)<br \/>\n<strong>2003<\/strong>. Pla de negoci per al desenvolupament d\u2019un resort de muntanya de nova generaci\u00f3 a Masella, Pirineu de Catalunya. (Montresort)<br \/>\n<strong>2003<\/strong>. Estudi de viabilitat per al desenvolupament d\u2019un hotel de negocis a Casablanca, Marroc (Groupe Ona)<br \/>\n<strong>2003<\/strong>. Estudi de viabilitat per al desenvolupament d\u2019un resort tur\u00edstic a prop de Rabat, Marroc (Groupe Ona)<br \/>\n<strong>2004<\/strong>. Pla de negoci per al desenvolupament d\u2019un resort de muntanya i per la ampliaci\u00f3 de l\u2019estaci\u00f3 d\u2019esqu\u00ed de Cerler a trav\u00e9s de la Vall de Castanesa, Pirineu d\u2019Arag\u00f3, Espanya (Aram\u00f3n)<br \/>\n<strong>2005<\/strong>. Conceptualitzaci\u00f3 i Pla de negoci per al desenvolupament d\u2019una ciutat tur\u00edstica a Al Uqair, Arabia Saud\u00ed (Supreme Commission for Tourism)<br \/>\n<strong>2006<\/strong>. Pla de negoci d\u2019un resort eq\u00fcestre a Marrakech, Marroc (Gulf Finance House)<br \/>\n<strong>2006<\/strong>. Conceptualitzaci\u00f3 i Pla de negoci per al desenvolupament d\u2019una ciutat per a peregrins a La Meca, Arabia Saud\u00ed (Tanmiyat)<br \/>\n<strong>2007<\/strong>. Conceptualitzaci\u00f3 i Pla de negoci per un resort ecol\u00f2gic a Tifnit, Marroc (SONABA, Ministeri de Turisme)<br \/>\n<strong>2007<\/strong>. Desenvolupament d\u2019un resort de muntanya a la Vall Fosca, Pirineu de Lleida, Espanya (Fadesa)<br \/>\n<strong>2007<\/strong>. Pla de negoci, recerca d\u2019operadors e inversors i gesti\u00f3 de l\u2019equip de desenvolupament del client per al resort Fazenda Praia Cano\u00e9, Nord-est de Brasil. (Confide Desarollos)<br \/>\n<strong>2008<\/strong>. Pla de negoci d\u2019un resort de muntanya a Spisski Raj, Eslovaquia (Dorchester Group)<br \/>\n<strong>2008<\/strong>. Pla de negoci i recerca d&#8217;inversors per al projecte d&#8217;expansi\u00f3 del boutique hotel Orix\u00e1s, Nord-est del Brasil (Inversions Iberianas)<br \/>\n<strong>2008<\/strong>. Elaboraci\u00f3 d&#8217;un memor\u00e0ndum per a la recerca d&#8217;inversors d&#8217;un projecte residencial a Fortaleza, Brasil (Finques Forcadell)<br \/>\n<strong>2008<\/strong>. Conceptualitzaci\u00f3 i pla de negoci per al desenvolupament d&#8217;un nou concepte d&#8217;hotel disseminat, Vall del Draa, Marroc (MedZ-CDG D\u00e9veloppement)<br \/>\n<strong>2008<\/strong>. Preparaci\u00f3 d&#8217;una oferta en concurs per al desenvolupament d&#8217;un eco-resort a Tifnit, Agadir, Marroc (Pierre et Vacances)<br \/>\n<strong>2009<\/strong>. Pla de negoci per a la reconversi\u00f3 d&#8217;una comunitat residencial en un concepte time-share, Marr\u00e0queix, Marroc (Palmeraie D\u00e9veloppement)<br \/>\n<strong>2009<\/strong>. Revisi\u00f3 del posicionament i pla de negoci d&#8217;un resort a Cala Iris, Al-Hoceima, Marroc (Consorci Palmeraie-MedZ-Actifinvest)<br \/>\n<strong>2009<\/strong>. Pla de negoci de la component golf i recerca d&#8217;operadors per a una xarxa de resorts al Marroc (Groupe Addoha)<br \/>\n<strong>2009<\/strong>. Recerca d&#8217;operadors i inversors per al resort Mogador, Marroc (Saemog)<br \/>\n<strong>2009<\/strong>. Pla estrat\u00e8gic per al principal fons d\u2019inversi\u00f3 hotelera de Marroc, en consorci amb Boston Consulting Group (HPartners)<br \/>\n<strong>2009<\/strong>. Conceptualitzaci\u00f3 i pla de negoci per al desenvolupament d&#8217;un resort a Tamaouanza, Marroc (SMIT, Ministeri de Turisme)<br \/>\n<strong>2009<\/strong>. Conceptualitzaci\u00f3 i pla de negoci per al desenvolupament de cinc resorts ecol\u00f2gics al Parc Nacional Sous Massa, Marroc (SMIT, Ministeri de Turisme)<br \/>\n<strong>2010<\/strong>. Conceptualitzaci\u00f3 i Pla de negoci per un resort ecol\u00f2gic a Orosei, Sardenya, Italia (Grupo Ratti). Director de projecte.<\/p>\n<\/div><\/div><\/div><\/section>\n<section class='av_toggle_section av-8n6ry-8c58b61fb55c370f3522df5fd3ddd965'  itemscope=\"itemscope\" itemtype=\"https:\/\/schema.org\/CreativeWork\" ><div role=\"tablist\" class=\"single_toggle\" data-tags=\"{Tots} \"  ><p id='toggle-toggle-id-5' data-fake-id='#toggle-id-5' class='toggler  av-title-above '  itemprop=\"headline\"  role='tab' tabindex='0' aria-controls='toggle-id-5' data-slide-speed=\"200\" data-title=\"Altres projectes\" data-title-open=\"\" data-aria_collapsed=\"Click to expand: Altres projectes\" data-aria_expanded=\"Click to collapse: Altres projectes\">Altres projectes<span class=\"toggle_icon\"><span class=\"vert_icon\"><\/span><span class=\"hor_icon\"><\/span><\/span><\/p><div id='toggle-id-5' aria-labelledby='toggle-toggle-id-5' role='region' class='toggle_wrap  av-title-above'  ><div class='toggle_content invers-color '  itemprop=\"text\" ><p><strong>2000<\/strong>. Estrat\u00e8gia de desenvolupament d\u2019un portal de viatges a Internet (GeoPlaneta)<br \/>\n<strong>2000<\/strong>. Estrat\u00e8gia a internet per a un grup de viatges (Grup Viajes Iberia)<br \/>\n<strong>2000<\/strong>. Estrat\u00e8gia de Turisme a Galicia a Internet (Turgalicia)<br \/>\n<strong>2001<\/strong>. Desenvolupament i prova pilot d\u2019un sistema de reserves per al turisme rural a nivell europeu, Ruralnet (Programa PROFIT de la Comissi\u00f3 Europea)<br \/>\n<strong>2001<\/strong>. Pla de negoci de la web de Turisme rural de Catalunya (Fundaci\u00f3 Catalana per a la Recerca)<br \/>\n<strong>2002<\/strong>. Pla de negoci per al desenvolupament del portal d\u2019Internet de Espanya, en col\u2022laboraci\u00f3 amb Indra Sistemes i Telef\u00f2nica (Turespa\u00f1a)<br \/>\n<strong>2004<\/strong>. Seminari de formaci\u00f3 para el Ministeri de Turisme d\u2019Alb\u00e0nia (Agencia Espa\u00f1ola de Cooperaci\u00f3n Internacional &#8211; AECI)<br \/>\n<strong>2004<\/strong>. Supervisi\u00f3 del projecte per la organitzaci\u00f3 d\u2019una trobada del sector tur\u00edstic a Jamaica amb la participaci\u00f3 d\u2019inversors europeus i empreses caribenyes (Programa PROFIT, Comissi\u00f3 Europea)<br \/>\n<strong>2005<\/strong>. Estrat\u00e8gia de finan\u00e7ament del desenvolupament tur\u00edstic d\u2019Ar\u00e0bia Saudita. (Supreme Commission for Tourism)<\/p>\n<\/div><\/div><\/div><\/section>\n<\/div>\n\n<style type=\"text\/css\" data-created_by=\"avia_inline_auto\" id=\"style-css-av-3g2m-0aab368948249252482e81cde225128a\">\n#top .hr.hr-invisible.av-3g2m-0aab368948249252482e81cde225128a{\nheight:20px;\n}\n<\/style>\n<div  class='hr av-3g2m-0aab368948249252482e81cde225128a hr-invisible'><span class='hr-inner '><span class=\"hr-inner-style\"><\/span><\/span><\/div>\n<section  class='av_textblock_section av-lacyijyi-9000016332f40b2dca963a28c767df5a '   itemscope=\"itemscope\" itemtype=\"https:\/\/schema.org\/CreativeWork\" ><div class='avia_textblock'  itemprop=\"text\" ><h2>Cerca personalitzada<\/h2>\n<\/div><\/section>\n<div  class='avia_search_element av-lacd31w3-a60947117f51f65cfb7aeb5327aa52aa'><search><form action='https:\/\/jmribera.com\/ca\/' id='searchform_element' method='get' class='' data-element_id='av-lacd31w3-a60947117f51f65cfb7aeb5327aa52aa' ><div class='av_searchform_wrapper'><input type='search' value='' id='s' name='s' placeholder='Cerca a JMRibera.com ...' aria-label='Cerca a JMRibera.com ...' class='av-input-field ' required \/><div class='av_searchsubmit_wrapper '><input type='submit' value='Cerca' id='searchsubmit' class='button ' title='View results on search page' aria-label='View results on search page' \/><\/div><input type='hidden' name='numberposts' value='5' \/><input type='hidden' name='results_hide_fields' value='' \/><\/div><\/form><\/search><\/div>\n\n<style type=\"text\/css\" data-created_by=\"avia_inline_auto\" id=\"style-css-av-lug7iu6i-d6ff4e662b1972c8c10002e8c6925f97\">\n#top .hr.hr-invisible.av-lug7iu6i-d6ff4e662b1972c8c10002e8c6925f97{\nheight:200px;\n}\n<\/style>\n<div  class='hr av-lug7iu6i-d6ff4e662b1972c8c10002e8c6925f97 hr-invisible'><span class='hr-inner '><span class=\"hr-inner-style\"><\/span><\/span><\/div>\n","protected":false},"excerpt":{"rendered":"","protected":false},"author":5,"featured_media":863,"parent":0,"menu_order":0,"comment_status":"closed","ping_status":"closed","template":"","meta":{"footnotes":""},"class_list":["post-798","page","type-page","status-publish","has-post-thumbnail","hentry"],"_links":{"self":[{"href":"https:\/\/jmribera.com\/ca\/wp-json\/wp\/v2\/pages\/798","targetHints":{"allow":["GET"]}}],"collection":[{"href":"https:\/\/jmribera.com\/ca\/wp-json\/wp\/v2\/pages"}],"about":[{"href":"https:\/\/jmribera.com\/ca\/wp-json\/wp\/v2\/types\/page"}],"author":[{"embeddable":true,"href":"https:\/\/jmribera.com\/ca\/wp-json\/wp\/v2\/users\/5"}],"replies":[{"embeddable":true,"href":"https:\/\/jmribera.com\/ca\/wp-json\/wp\/v2\/comments?post=798"}],"version-history":[{"count":8,"href":"https:\/\/jmribera.com\/ca\/wp-json\/wp\/v2\/pages\/798\/revisions"}],"predecessor-version":[{"id":4639,"href":"https:\/\/jmribera.com\/ca\/wp-json\/wp\/v2\/pages\/798\/revisions\/4639"}],"wp:featuredmedia":[{"embeddable":true,"href":"https:\/\/jmribera.com\/ca\/wp-json\/wp\/v2\/media\/863"}],"wp:attachment":[{"href":"https:\/\/jmribera.com\/ca\/wp-json\/wp\/v2\/media?parent=798"}],"curies":[{"name":"wp","href":"https:\/\/api.w.org\/{rel}","templated":true}]}}