{"id":23,"date":"2025-09-26T17:23:42","date_gmt":"2025-09-26T15:23:42","guid":{"rendered":"http:\/\/jmribera.com\/enfold-photography\/?page_id=23"},"modified":"2025-12-16T12:58:51","modified_gmt":"2025-12-16T11:58:51","slug":"contactar","status":"publish","type":"page","link":"https:\/\/jmribera.com\/es\/contactar\/","title":{"rendered":"Contacto"},"content":{"rendered":"<div id='av-layout-grid-1'  class='av-layout-grid-container av-7vmcv-4b7540ee5bd942ee1b4caf090ac608bc entry-content-wrapper main_color av-flex-cells  avia-builder-el-0  avia-builder-el-no-sibling  av-cell-min-height av-cell-min-height-100  container_wrap fullsize'   data-av_minimum_height_pc='100'>\n\n<style type=\"text\/css\" data-created_by=\"avia_inline_auto\" id=\"style-css-av-79p8j-bc61f30816af7a636f2c9bc9f11b29d8\">\n.flex_cell.av-79p8j-bc61f30816af7a636f2c9bc9f11b29d8{\nvertical-align:top;\n}\n.responsive #top #wrap_all .flex_cell.av-79p8j-bc61f30816af7a636f2c9bc9f11b29d8{\npadding:30px 30px 30px 30px !important;\n}\n<\/style>\n<div class='flex_cell av-79p8j-bc61f30816af7a636f2c9bc9f11b29d8 av-gridrow-cell av_one_half no_margin  avia-builder-el-1  el_before_av_cell_one_half  avia-builder-el-first  content-align-top'  ><div class='flex_cell_inner'><p>\n<style type=\"text\/css\" data-created_by=\"avia_inline_auto\" id=\"style-css-av-24myv-62c20166b7cfee5d66c6f0e6bf315a4e\">\n#top .av-special-heading.av-24myv-62c20166b7cfee5d66c6f0e6bf315a4e{\npadding-bottom:10px;\n}\nbody .av-special-heading.av-24myv-62c20166b7cfee5d66c6f0e6bf315a4e .av-special-heading-tag .heading-char{\nfont-size:25px;\n}\n#top #wrap_all .av-special-heading.av-24myv-62c20166b7cfee5d66c6f0e6bf315a4e .av-special-heading-tag{\npadding:95px 0 0 0;\n}\n.av-special-heading.av-24myv-62c20166b7cfee5d66c6f0e6bf315a4e .av-subheading{\nfont-size:15px;\n}\n<\/style>\n<div  class='av-special-heading av-24myv-62c20166b7cfee5d66c6f0e6bf315a4e av-special-heading-h3 blockquote modern-quote  avia-builder-el-2  el_before_av_contact  avia-builder-el-first '><h3 class='av-special-heading-tag '  itemprop=\"headline\"  >Contacto<\/h3><div class=\"special-heading-border\"><div class=\"special-heading-inner-border\"><\/div><\/div><\/div><br \/>\n<form action=\"https:\/\/jmribera.com\/es\/contactar\/\" method=\"post\" data-fields-with-error=\"Found errors in the following field(s):\" class=\"avia_ajax_form av-form-labels-hidden   avia-builder-el-3  el_after_av_heading  avia-builder-el-last  av-show-form-errors   \" data-avia-form-id=\"1\" data-avia-redirect='' ><fieldset><p class='  first_form  form_element form_fullwidth' id='element_avia_1_1'><label for=\"avia_1_1\">Nombre <abbr class=\"required\" title=\"requerido\">*<\/abbr><\/label> <input name=\"avia_1_1\" class=\"text_input is_empty\" type=\"text\" id=\"avia_1_1\" value=\"\"  placeholder='Nombre*'\/><\/p><p class='  first_form  form_element form_fullwidth' id='element_avia_2_1'><label for=\"avia_2_1\">E-Mail <abbr class=\"required\" title=\"requerido\">*<\/abbr><\/label> <input name=\"avia_2_1\" class=\"text_input is_email\" type=\"text\" id=\"avia_2_1\" value=\"\"  placeholder='E-Mail*'\/><\/p><p class='  first_form  form_element form_fullwidth' id='element_avia_3_1'><label for=\"avia_3_1\">Tel\u00e9fono <abbr class=\"required\" title=\"requerido\">*<\/abbr><\/label> <input name=\"avia_3_1\" class=\"text_input is_phone\" type=\"text\" id=\"avia_3_1\" value=\"\"  placeholder='Tel\u00e9fono*'\/><\/p><p class='  first_form  form_element form_fullwidth' id='element_avia_4_1'><label for=\"avia_4_1\">Asunto <abbr class=\"required\" title=\"requerido\">*<\/abbr><\/label> <input name=\"avia_4_1\" class=\"text_input is_empty\" type=\"text\" id=\"avia_4_1\" value=\"\"  placeholder='Asunto*'\/><\/p><p class='  first_form  form_element form_fullwidth' id='element_avia_5_1'><label for=\"avia_5_1\" class=\"textare_label hidden textare_label_avia_5_1\">Mensaje <abbr class=\"required\" title=\"requerido\">*<\/abbr><\/label><textarea  placeholder='Mensaje*' name=\"avia_5_1\" class=\"text_area is_empty\" cols=\"40\" rows=\"7\" id=\"avia_5_1\" ><\/textarea><\/p><p class=\"hidden\"><input type=\"text\" name=\"avia_6_1\" class=\"hidden \" id=\"avia_6_1\" value=\"\" \/><\/p><div id='avia_7_1' class='av-recaptcha-area  first_form  form_element form_fullwidth '  data-container_class=\"\" data-custom_class=\"\" data-context=\"av_contact_form\" data-token_input=\"av_recaptcha_token\" data-version=\"avia_recaptcha_v3\" data-theme=\"light\" data-size=\"normal\" data-score=\"0.5\" data-text_to_preview=\"\" data-value=\"\"><div class=\"av-google-badge-message hidden\">This site is protected by reCAPTCHA and the Google <a href=\"https:\/\/policies.google.com\/privacy\">Privacy Policy<\/a> and <a href=\"https:\/\/policies.google.com\/terms\">Terms of Service<\/a> apply.<\/div><\/div><p class=\"form_element \"><input type=\"hidden\" value=\"1\" name=\"avia_generated_form1\" \/><input type=\"submit\" value=\"Enviar\" class=\"button\"  data-sending-label=\"Enviando\"\/><\/p><\/fieldset><div class=\"avia-disabled-form\">Este formulario de contacto est\u00e1 desactivado porque rechazaste aceptar el servicio de Google reCaptcha, que es necesario para validar los mensajes enviados a trav\u00e9s del formulario.<\/div><\/form><div id=\"ajaxresponse_1\" class=\"ajaxresponse ajaxresponse_1 hidden\"><\/div><\/p>\n<\/div><\/div>\n<style type=\"text\/css\" data-created_by=\"avia_inline_auto\" id=\"style-css-av-3rlnj-092e851096e71d0415b9361c6b23bc9d\">\n.flex_cell.av-3rlnj-092e851096e71d0415b9361c6b23bc9d{\nvertical-align:top;\n}\n.responsive #top #wrap_all .flex_cell.av-3rlnj-092e851096e71d0415b9361c6b23bc9d{\npadding:30px 30px 30px 30px !important;\n}\n<\/style>\n<div class='flex_cell av-3rlnj-092e851096e71d0415b9361c6b23bc9d av-gridrow-cell av_one_half no_margin  avia-builder-el-4  el_after_av_cell_one_half  avia-builder-el-last  content-align-top'  ><div class='flex_cell_inner'><p><section  class='av_textblock_section av-9aqn-1dc0ed9011af468d0da23031d8030936 '   itemscope=\"itemscope\" itemtype=\"https:\/\/schema.org\/CreativeWork\" ><div class='avia_textblock'  itemprop=\"text\" ><p><strong>Juan Manuel Ribera<\/strong><\/p>\n<p><a href=\"mailto:jmribera@jmribera.com\">jmribera@jmribera.com<\/a><\/p>\n<p><a href=\"tel:+34649885136\">T. (+34) 649.885.136<\/a><\/p>\n<\/div><\/section><br \/>\n\n<style type=\"text\/css\" data-created_by=\"avia_inline_auto\" id=\"style-css-av-leut2rzn-ed75d30773b2cc22038f57f0f5e0bddf\">\n.avia-image-container.av-leut2rzn-ed75d30773b2cc22038f57f0f5e0bddf img.avia_image{\nbox-shadow:none;\n}\n.avia-image-container.av-leut2rzn-ed75d30773b2cc22038f57f0f5e0bddf .av-image-caption-overlay-center{\ncolor:#ffffff;\n}\n<\/style>\n<div  class='avia-image-container av-leut2rzn-ed75d30773b2cc22038f57f0f5e0bddf av-styling- avia-align-center  avia-builder-el-6  el_after_av_textblock  el_before_av_heading '   itemprop=\"image\" itemscope=\"itemscope\" itemtype=\"https:\/\/schema.org\/ImageObject\" ><div class=\"avia-image-container-inner\"><div class=\"avia-image-overlay-wrap\"><img decoding=\"async\" fetchpriority=\"high\" class='wp-image-3950 avia-img-lazy-loading-not-3950 avia_image ' src=\"https:\/\/jmribera.com\/wp-content\/uploads\/2023\/03\/morato-1030x463.jpeg\" alt='' title='morato\u0301'  height=\"463\" width=\"1030\"  itemprop=\"thumbnailUrl\" srcset=\"https:\/\/jmribera.com\/wp-content\/uploads\/2023\/03\/morato-1030x463.jpeg 1030w, https:\/\/jmribera.com\/wp-content\/uploads\/2023\/03\/morato-300x135.jpeg 300w, https:\/\/jmribera.com\/wp-content\/uploads\/2023\/03\/morato-768x345.jpeg 768w, https:\/\/jmribera.com\/wp-content\/uploads\/2023\/03\/morato-1536x691.jpeg 1536w, https:\/\/jmribera.com\/wp-content\/uploads\/2023\/03\/morato-1200x540.jpeg 1200w, https:\/\/jmribera.com\/wp-content\/uploads\/2023\/03\/morato-1500x675.jpeg 1500w, https:\/\/jmribera.com\/wp-content\/uploads\/2023\/03\/morato-705x317.jpeg 705w, https:\/\/jmribera.com\/wp-content\/uploads\/2023\/03\/morato.jpeg 2048w\" sizes=\"(max-width: 1030px) 100vw, 1030px\" \/><\/div><\/div><\/div><br \/>\n\n<style type=\"text\/css\" data-created_by=\"avia_inline_auto\" id=\"style-css-av-3boz-676d986b319e955490fae97a51a93adc\">\n#top .av-special-heading.av-3boz-676d986b319e955490fae97a51a93adc{\npadding-bottom:10px;\nfont-size:18px;\n}\nbody .av-special-heading.av-3boz-676d986b319e955490fae97a51a93adc .av-special-heading-tag .heading-char{\nfont-size:25px;\n}\n#top #wrap_all .av-special-heading.av-3boz-676d986b319e955490fae97a51a93adc .av-special-heading-tag{\nfont-size:18px;\n}\n.av-special-heading.av-3boz-676d986b319e955490fae97a51a93adc .av-subheading{\nfont-size:15px;\n}\n\n@media only screen and (min-width: 990px){ \n#top #wrap_all .av-special-heading.av-3boz-676d986b319e955490fae97a51a93adc .av-special-heading-tag{\nfont-size:18px;\n}\n}\n\n@media only screen and (min-width: 480px) and (max-width: 767px){ \n#top #wrap_all .av-special-heading.av-3boz-676d986b319e955490fae97a51a93adc .av-special-heading-tag{\nfont-size:0.8em;\n}\n}\n\n@media only screen and (max-width: 479px){ \n#top #wrap_all .av-special-heading.av-3boz-676d986b319e955490fae97a51a93adc .av-special-heading-tag{\nfont-size:0.8em;\n}\n}\n<\/style>\n<div  class='av-special-heading av-3boz-676d986b319e955490fae97a51a93adc av-special-heading-h3 blockquote modern-quote  avia-builder-el-7  el_after_av_image  el_before_av_textblock  av-inherit-size'><h3 class='av-special-heading-tag '  itemprop=\"headline\"  >Pol\u00edtica de privacidad de datos<\/h3><div class=\"special-heading-border\"><div class=\"special-heading-inner-border\"><\/div><\/div><\/div><br \/>\n<section  class='av_textblock_section av-1qwdb-f619d4d05baf09ee336e1b3c8e19ed55 '   itemscope=\"itemscope\" itemtype=\"https:\/\/schema.org\/CreativeWork\" ><div class='avia_textblock'  itemprop=\"text\" ><p>Los datos de car\u00e1cter personal que se recogen a trav\u00e9s de la p\u00e1gina web, son \u00fanicamente utilizados a efectos de prestar los servicios solicitados. Sus datos ser\u00e1n ubicados en ficheros titularidad de JMR &amp; Partners y ser\u00e1n archivados por el periodo de tiempo legalmente necesario. Usted podr\u00e1 ejercer los derechos de acceso, rectificaci\u00f3n, cancelaci\u00f3n y oposici\u00f3n por escrito a JMR &amp; Partners, correo electr\u00f3nico: jmribera@jmribera.com<\/p>\n<\/div><\/section><\/p>\n<\/div><\/div><\/div>\n","protected":false},"excerpt":{"rendered":"","protected":false},"author":5,"featured_media":1042,"parent":0,"menu_order":0,"comment_status":"closed","ping_status":"closed","template":"","meta":{"footnotes":""},"class_list":["post-23","page","type-page","status-publish","has-post-thumbnail","hentry"],"_links":{"self":[{"href":"https:\/\/jmribera.com\/es\/wp-json\/wp\/v2\/pages\/23","targetHints":{"allow":["GET"]}}],"collection":[{"href":"https:\/\/jmribera.com\/es\/wp-json\/wp\/v2\/pages"}],"about":[{"href":"https:\/\/jmribera.com\/es\/wp-json\/wp\/v2\/types\/page"}],"author":[{"embeddable":true,"href":"https:\/\/jmribera.com\/es\/wp-json\/wp\/v2\/users\/5"}],"replies":[{"embeddable":true,"href":"https:\/\/jmribera.com\/es\/wp-json\/wp\/v2\/comments?post=23"}],"version-history":[{"count":8,"href":"https:\/\/jmribera.com\/es\/wp-json\/wp\/v2\/pages\/23\/revisions"}],"predecessor-version":[{"id":4010,"href":"https:\/\/jmribera.com\/es\/wp-json\/wp\/v2\/pages\/23\/revisions\/4010"}],"wp:featuredmedia":[{"embeddable":true,"href":"https:\/\/jmribera.com\/es\/wp-json\/wp\/v2\/media\/1042"}],"wp:attachment":[{"href":"https:\/\/jmribera.com\/es\/wp-json\/wp\/v2\/media?parent=23"}],"curies":[{"name":"wp","href":"https:\/\/api.w.org\/{rel}","templated":true}]}}