{"id":3619,"date":"2025-11-15T10:08:47","date_gmt":"2025-11-15T09:08:47","guid":{"rendered":"https:\/\/jmribera.com\/es\/?page_id=3619"},"modified":"2025-12-16T12:57:49","modified_gmt":"2025-12-16T11:57:49","slug":"prensa","status":"publish","type":"page","link":"https:\/\/jmribera.com\/es\/prensa\/","title":{"rendered":"Prensa"},"content":{"rendered":"<div  class='flex_column av-3llabn-f0dab225f58faf05dbebea408690cafc av_one_third  avia-builder-el-0  el_before_av_one_third  avia-builder-el-first  first flex_column_div  '     ><p>\n<style type=\"text\/css\" data-created_by=\"avia_inline_auto\" id=\"style-css-av-lahzr19a-d64f1f278122da39663d34720a83421b\">\n#top .av-special-heading.av-lahzr19a-d64f1f278122da39663d34720a83421b{\npadding-bottom:10px;\nfont-size:24px;\n}\nbody .av-special-heading.av-lahzr19a-d64f1f278122da39663d34720a83421b .av-special-heading-tag .heading-char{\nfont-size:25px;\n}\n#top #wrap_all .av-special-heading.av-lahzr19a-d64f1f278122da39663d34720a83421b .av-special-heading-tag{\nfont-size:24px;\n}\n.av-special-heading.av-lahzr19a-d64f1f278122da39663d34720a83421b .av-subheading{\nfont-size:15px;\n}\n\n@media only screen and (min-width: 480px) and (max-width: 767px){ \n#top #wrap_all .av-special-heading.av-lahzr19a-d64f1f278122da39663d34720a83421b .av-special-heading-tag{\nfont-size:0.8em;\n}\n}\n\n@media only screen and (max-width: 479px){ \n#top #wrap_all .av-special-heading.av-lahzr19a-d64f1f278122da39663d34720a83421b .av-special-heading-tag{\nfont-size:0.8em;\n}\n}\n<\/style>\n<div  class='av-special-heading av-lahzr19a-d64f1f278122da39663d34720a83421b av-special-heading-h2 blockquote modern-quote  avia-builder-el-1  el_before_av_textblock  avia-builder-el-first  av-inherit-size'><h2 class='av-special-heading-tag '  itemprop=\"headline\"  >El turismo no existe<\/h2><div class=\"special-heading-border\"><div class=\"special-heading-inner-border\"><\/div><\/div><\/div><br \/>\n<section  class='av_textblock_section av-lahzryim-c0b5c3ff738d54bb62be2d96cef441a4 '   itemscope=\"itemscope\" itemtype=\"https:\/\/schema.org\/CreativeWork\" ><div class='avia_textblock'  itemprop=\"text\" ><p>Como sector, quiero decir. Si he aprendido algo despu\u00e9s de tantos a\u00f1os dedicados al turismo es que no se trata de un sector, sino de una confluencia de sectores muy variados. Reducir el sector del turismo a la hosteler\u00eda es un gran error, sobre todo en Barcelona, que si se ha convertido en un destino de \u00e9xito global no ha sido s\u00f3lo por su parque de alojamientos tur\u00edsticos, sino por una feliz combinaci\u00f3n de espacio y estilo de vida, tradici\u00f3n y modernidad, seny i rauxa, a lo largo de una historia milenaria.<\/p>\n<p>Es decir, gracias a su cultura, que fue eficazmente proyectada en el mundo con la emotiva explosi\u00f3n de orgullo ciudadano y la gran campa\u00f1a de comunicaci\u00f3n global que representaron los Juegos Ol\u00edmpicos del a\u00f1o 1992.<\/p>\n<p>Est\u00e1 claro que el sector de la hosteler\u00eda, con su calidad y profesionalidad indiscutible, ha sido clave para acoger a los turistas que nos visitan y potenciar su experiencia en la ciudad, pero sin sectores como el transporte, el comercio, la gastronom\u00eda,los deportes, la cultura, los acontecimientos, el ocio nocturno, las universidades, la salud, las ferias, los congresos, las finanzas, las telecomunicaciones y sin servicios p\u00fablicos de calidad (movilidad, seguridad, limpieza, sanidad&#8230;.), los hoteles de Barcelona estar\u00edan vac\u00edos.<\/p>\n<p>En otras palabras, cuando hablamos de sector tur\u00edstico estamos hablando de pr\u00e1cticamente todos los sectores que conforman la sociedad. Solucionar los efectos no deseados del turismo, que no son pocos, es, por lo tanto, una tarea necesariamente colectiva.<\/p>\n<\/div><\/section><\/p><\/div>\n<div  class='flex_column av-1wvprn-ed23aa91805572457ae53bbd06039b12 av_one_third  avia-builder-el-3  el_after_av_one_third  avia-builder-el-last  flex_column_div  '     ><p>\n<style type=\"text\/css\" data-created_by=\"avia_inline_auto\" id=\"style-css-av-lai1rqf5-8904d1625804a03d0f2ead8d49af04cc\">\n.iconbox.av-lai1rqf5-8904d1625804a03d0f2ead8d49af04cc .iconbox_icon{\ncolor:#edae44;\n}\n.iconbox.av-lai1rqf5-8904d1625804a03d0f2ead8d49af04cc .iconbox_icon.avia-svg-icon svg:first-child{\nfill:#edae44;\nstroke:#edae44;\n}\n<\/style>\n<article  class='iconbox iconbox_left av-lai1rqf5-8904d1625804a03d0f2ead8d49af04cc  avia-builder-el-4  el_before_av_textblock  avia-builder-el-first '  itemscope=\"itemscope\" itemtype=\"https:\/\/schema.org\/CreativeWork\" ><div class=\"iconbox_content\"><header class=\"entry-content-header\" aria-label=\"Icon: EL TURISTA ES UN CIUDADANO TEMPORAL, CON DERECHOS Y DEBERES\"><div class='iconbox_icon heading-color avia-iconfont avia-font-entypo-fontello' data-av_icon='\ue833' data-av_iconfont='entypo-fontello'  ><\/div><h3 class='iconbox_content_title '  itemprop=\"headline\" >EL TURISTA ES UN CIUDADANO TEMPORAL, CON DERECHOS Y DEBERES<\/h3><\/header><div class='iconbox_content_container '  itemprop=\"text\" ><\/div><\/div><footer class=\"entry-footer\"><\/footer><\/article><br \/>\n<section  class='av_textblock_section av-lahzs78h-9e7d46653792d219b6b7e5dc2231cd33 '   itemscope=\"itemscope\" itemtype=\"https:\/\/schema.org\/CreativeWork\" ><div class='avia_textblock'  itemprop=\"text\" ><p>Otra cosa que tambi\u00e9n he aprendido es que en las capitales globales, como Barcelona, la frontera entre el ciudadano y el turista es cada vez m\u00e1s difusa y sutil. Hay turistas que se reconocen a primera vista, pero hay otros que no s\u00f3lo no lo parecen, sino que estar\u00edamos encantados de que fueran nuestro vecino \u2013o vecina\u2013 de rellano. La Organizaci\u00f3n Mundial del Turismo de las Naciones Unidas (OMT) define como turista a aquella persona que pasa entre un d\u00eda y un a\u00f1o en un destino determinado.<\/p>\n<p>Un turista puede estar haciendo cola en la Sagrada Fam\u00edlia, surfeando en la Barceloneta, tomando el vermut en un bar del Poble Sec, compitiendo en un festival de cortometrajes, corriendo por la carretera de las Aig\u00fces, viendo un partido del Bar\u00e7a, comprando alpargatas en Sants, colaborando con una ONG, participando en una start\u00adup, visitando a un familiar en el hospital, escuchando un concierto en el Palau de la M\u00fasica, bailando en el S\u00f3\u00adnar, cogiendo el metro hacia Nou Barris o estudiando en la universidad. Incluso podr\u00eda ser la misma persona. Solucionar los efectos no deseados del turismo,que son importantes, pasa por considerar al turista como un ciudadano, temporal, con derechos y deberes.<\/p>\n<p>[&#8230;]<\/p>\n<p><strong>Joan Manuel Ribera es consultor y\u00a0redacta\u00f3 el Pla Estrat\u00e8gic de Turisme de Catalunya<\/strong><\/p>\n<p><a href=\"https:\/\/jmribera.com\/wp-content\/uploads\/2016\/09\/Articulo-JMR-La-Vanguardia.pdf\" target=\"_blank\" rel=\"noopener\">Art\u00edculo publicado en La Vanguardia &#8211; 22\/09\/15<\/a><\/p>\n<\/div><\/section><\/p><\/div>\n","protected":false},"excerpt":{"rendered":"","protected":false},"author":5,"featured_media":792,"parent":0,"menu_order":0,"comment_status":"closed","ping_status":"closed","template":"","meta":{"footnotes":""},"class_list":["post-3619","page","type-page","status-publish","has-post-thumbnail","hentry"],"_links":{"self":[{"href":"https:\/\/jmribera.com\/es\/wp-json\/wp\/v2\/pages\/3619","targetHints":{"allow":["GET"]}}],"collection":[{"href":"https:\/\/jmribera.com\/es\/wp-json\/wp\/v2\/pages"}],"about":[{"href":"https:\/\/jmribera.com\/es\/wp-json\/wp\/v2\/types\/page"}],"author":[{"embeddable":true,"href":"https:\/\/jmribera.com\/es\/wp-json\/wp\/v2\/users\/5"}],"replies":[{"embeddable":true,"href":"https:\/\/jmribera.com\/es\/wp-json\/wp\/v2\/comments?post=3619"}],"version-history":[{"count":2,"href":"https:\/\/jmribera.com\/es\/wp-json\/wp\/v2\/pages\/3619\/revisions"}],"predecessor-version":[{"id":4979,"href":"https:\/\/jmribera.com\/es\/wp-json\/wp\/v2\/pages\/3619\/revisions\/4979"}],"wp:featuredmedia":[{"embeddable":true,"href":"https:\/\/jmribera.com\/es\/wp-json\/wp\/v2\/media\/792"}],"wp:attachment":[{"href":"https:\/\/jmribera.com\/es\/wp-json\/wp\/v2\/media?parent=3619"}],"curies":[{"name":"wp","href":"https:\/\/api.w.org\/{rel}","templated":true}]}}