{"id":65,"date":"2025-08-25T14:08:41","date_gmt":"2025-08-25T12:08:41","guid":{"rendered":"http:\/\/192.168.1.104\/enfold-photography\/?page_id=2"},"modified":"2025-12-16T12:59:15","modified_gmt":"2025-12-16T11:59:15","slug":"inicio","status":"publish","type":"page","link":"https:\/\/jmribera.com\/es\/","title":{"rendered":"Inicio"},"content":{"rendered":"<div   class='avia-fullscreen-slider main_color   avia-builder-el-0  avia-builder-el-no-sibling  container_wrap fullsize'  ><div  class='avia-slideshow av-k7bqifj1-eddf1562a7e20d07c49e688cc0401f2a avia-slideshow-extra_large av_fullscreen avia-fade-slider av-slideshow-ui av-control-hidden av-no-slider-navigation av-hide-nav-arrows av-slideshow-autoplay av-loop-endless av-loop-manual-endless av-default-height-applied   avia-slideshow-1' data-slideshow-options=\"{&quot;animation&quot;:&quot;fade&quot;,&quot;autoplay&quot;:true,&quot;loop_autoplay&quot;:&quot;endless&quot;,&quot;interval&quot;:2,&quot;loop_manual&quot;:&quot;manual-endless&quot;,&quot;autoplay_stopper&quot;:false,&quot;noNavigation&quot;:true,&quot;bg_slider&quot;:true,&quot;keep_padding&quot;:false,&quot;hoverpause&quot;:false,&quot;show_slide_delay&quot;:0,&quot;slide_height&quot;:&quot;100&quot;,&quot;image_attachment&quot;:&quot;&quot;}\"  itemprop=\"image\" itemscope=\"itemscope\" itemtype=\"https:\/\/schema.org\/ImageObject\" ><ul class='avia-slideshow-inner ' style='padding-bottom: 66.7%;'><li style='background-position:top left;' data-img-url='https:\/\/jmribera.com\/wp-content\/uploads\/2014\/10\/Terraza-y-cocina-reducida.jpg' class='avia-slideshow-slide av-k7bqifj1-eddf1562a7e20d07c49e688cc0401f2a__0  slide-1 slide-odd'><div data-rel='slideshow-1' class='avia-slide-wrap '   ><\/div><\/li><li style='background-position:center center;' data-img-url='https:\/\/jmribera.com\/wp-content\/uploads\/2016\/09\/principal-1500x1125.jpg' class='avia-slideshow-slide av-k7bqifj1-eddf1562a7e20d07c49e688cc0401f2a__1  slide-2 slide-even'><div data-rel='slideshow-1' class='avia-slide-wrap '   ><\/div><\/li><li style='background-position:top left;' data-img-url='https:\/\/jmribera.com\/wp-content\/uploads\/2016\/09\/principal-1-1500x1125.jpg' class='avia-slideshow-slide av-k7bqifj1-eddf1562a7e20d07c49e688cc0401f2a__2  slide-3 slide-odd'><div data-rel='slideshow-1' class='avia-slide-wrap '   ><\/div><\/li><li style='background-position:top left;' data-img-url='https:\/\/jmribera.com\/wp-content\/uploads\/2014\/09\/IMG_2454-1500x1125.jpg' class='avia-slideshow-slide av-k7bqifj1-eddf1562a7e20d07c49e688cc0401f2a__3  slide-4 slide-even'><div data-rel='slideshow-1' class='avia-slide-wrap '   ><\/div><\/li><li style='background-position:bottom center;' data-img-url='https:\/\/jmribera.com\/wp-content\/uploads\/2014\/08\/biosphere_inici.jpg' class='avia-slideshow-slide av-k7bqifj1-eddf1562a7e20d07c49e688cc0401f2a__4  slide-5 slide-odd'><div data-rel='slideshow-1' class='avia-slide-wrap '   ><\/div><\/li><li style='background-position:top left;' data-img-url='https:\/\/jmribera.com\/wp-content\/uploads\/2014\/09\/IMG_0182-1500x1125.jpg' class='avia-slideshow-slide av-k7bqifj1-eddf1562a7e20d07c49e688cc0401f2a__5  slide-6 slide-even'><div data-rel='slideshow-1' class='avia-slide-wrap '   ><\/div><\/li><li style='background-position:center center;' data-img-url='https:\/\/jmribera.com\/wp-content\/uploads\/2014\/12\/portada_ciclisme.jpg' class='avia-slideshow-slide av-k7bqifj1-eddf1562a7e20d07c49e688cc0401f2a__6  slide-7 slide-odd'><div data-rel='slideshow-1' class='avia-slide-wrap '   ><\/div><\/li><li style='background-position:center center;' data-img-url='https:\/\/jmribera.com\/wp-content\/uploads\/2014\/08\/IMG_6409-1500x1125.jpg' class='avia-slideshow-slide av-k7bqifj1-eddf1562a7e20d07c49e688cc0401f2a__7  slide-8 slide-even'><div data-rel='slideshow-1' class='avia-slide-wrap '   ><\/div><\/li><li style='background-position:Center Center;' data-img-url='https:\/\/jmribera.com\/wp-content\/uploads\/2014\/12\/Main-suite.jpg' class='avia-slideshow-slide av-k7bqifj1-eddf1562a7e20d07c49e688cc0401f2a__8  slide-9 slide-odd'><div data-rel='slideshow-1' class='avia-slide-wrap '   ><\/div><\/li><li style='background-position:Center Center;' data-img-url='https:\/\/jmribera.com\/wp-content\/uploads\/2014\/12\/IMG_9051-1500x1125.jpg' class='avia-slideshow-slide av-k7bqifj1-eddf1562a7e20d07c49e688cc0401f2a__9  slide-10 slide-even'><div data-rel='slideshow-1' class='avia-slide-wrap '   ><\/div><\/li><li style='background-position:Center Center;' data-img-url='https:\/\/jmribera.com\/wp-content\/uploads\/2014\/12\/IMG_7905-1500x1125.jpg' class='avia-slideshow-slide av-k7bqifj1-eddf1562a7e20d07c49e688cc0401f2a__10  slide-11 slide-odd'><div data-rel='slideshow-1' class='avia-slide-wrap '   ><\/div><\/li><li style='background-position:Center Center;' data-img-url='https:\/\/jmribera.com\/wp-content\/uploads\/2014\/12\/IMG_7242-1125x1500.jpg' class='avia-slideshow-slide av-k7bqifj1-eddf1562a7e20d07c49e688cc0401f2a__11  slide-12 slide-even'><div data-rel='slideshow-1' class='avia-slide-wrap '   ><\/div><\/li><li style='background-position:Center Center;' data-img-url='https:\/\/jmribera.com\/wp-content\/uploads\/2014\/12\/IMG_6711-1500x1125.jpg' class='avia-slideshow-slide av-k7bqifj1-eddf1562a7e20d07c49e688cc0401f2a__12  slide-13 slide-odd'><div data-rel='slideshow-1' class='avia-slide-wrap '   ><\/div><\/li><li style='background-position:Center Center;' data-img-url='https:\/\/jmribera.com\/wp-content\/uploads\/2014\/12\/IMG_6138-1500x1125.jpg' class='avia-slideshow-slide av-k7bqifj1-eddf1562a7e20d07c49e688cc0401f2a__13  slide-14 slide-even'><div data-rel='slideshow-1' class='avia-slide-wrap '   ><\/div><\/li><li style='background-position:Center Center;' data-img-url='https:\/\/jmribera.com\/wp-content\/uploads\/2014\/12\/IMG_4860-1500x1125.jpg' class='avia-slideshow-slide av-k7bqifj1-eddf1562a7e20d07c49e688cc0401f2a__14  slide-15 slide-odd'><div data-rel='slideshow-1' class='avia-slide-wrap '   ><\/div><\/li><li style='background-position:Center Center;' data-img-url='https:\/\/jmribera.com\/wp-content\/uploads\/2014\/12\/IMG_1887-1500x1125.jpg' class='avia-slideshow-slide av-k7bqifj1-eddf1562a7e20d07c49e688cc0401f2a__15  slide-16 slide-even'><div data-rel='slideshow-1' class='avia-slide-wrap '   ><\/div><\/li><li style='background-position:Center Center;' data-img-url='https:\/\/jmribera.com\/wp-content\/uploads\/2014\/12\/IMG_1366-1500x1125.jpg' class='avia-slideshow-slide av-k7bqifj1-eddf1562a7e20d07c49e688cc0401f2a__16  slide-17 slide-odd'><div data-rel='slideshow-1' class='avia-slide-wrap '   ><\/div><\/li><li style='background-position:Center Center;' data-img-url='https:\/\/jmribera.com\/wp-content\/uploads\/2014\/12\/IMG_0849-1500x1125.jpg' class='avia-slideshow-slide av-k7bqifj1-eddf1562a7e20d07c49e688cc0401f2a__17  slide-18 slide-even'><div data-rel='slideshow-1' class='avia-slide-wrap '   ><\/div><\/li><li style='background-position:Center Center;' data-img-url='https:\/\/jmribera.com\/wp-content\/uploads\/2014\/12\/Captura-de-pantalla-2014-11-06-a-las-17.29.31.png' class='avia-slideshow-slide av-k7bqifj1-eddf1562a7e20d07c49e688cc0401f2a__18  slide-19 slide-odd'><div data-rel='slideshow-1' class='avia-slide-wrap '   ><\/div><\/li><li style='background-position:Center Center;' data-img-url='https:\/\/jmribera.com\/wp-content\/uploads\/2014\/12\/Captura-de-pantalla-2014-10-27-a-las-16.13.30.png' class='avia-slideshow-slide av-k7bqifj1-eddf1562a7e20d07c49e688cc0401f2a__19  slide-20 slide-even'><div data-rel='slideshow-1' class='avia-slide-wrap '   ><\/div><\/li><\/ul><div class='avia-slideshow-arrows avia-slideshow-controls' ><a href='#prev' class='prev-slide  avia-svg-icon avia-font-svg_entypo-fontello' data-av_svg_icon='left-open-big' data-av_iconset='svg_entypo-fontello' tabindex='-1' title=\"Anterior\"><svg version=\"1.1\" xmlns=\"http:\/\/www.w3.org\/2000\/svg\" width=\"15\" height=\"32\" viewBox=\"0 0 15 32\" preserveAspectRatio=\"xMidYMid meet\" aria-labelledby='av-svg-title-1' aria-describedby='av-svg-desc-1' role=\"graphics-symbol\" aria-hidden=\"true\">\n<title id='av-svg-title-1'>Anterior<\/title>\n<desc id='av-svg-desc-1'>Anterior<\/desc>\n<path d=\"M14.464 27.84q0.832 0.832 0 1.536-0.832 0.832-1.536 0l-12.544-12.608q-0.768-0.768 0-1.6l12.544-12.608q0.704-0.832 1.536 0 0.832 0.704 0 1.536l-11.456 11.904z\"><\/path>\n<\/svg><span class='avia_hidden_link_text'>Anterior<\/span><\/a><a href='#next' class='next-slide  avia-svg-icon avia-font-svg_entypo-fontello' data-av_svg_icon='right-open-big' data-av_iconset='svg_entypo-fontello' tabindex='-1' title=\"Posterior\"><svg version=\"1.1\" xmlns=\"http:\/\/www.w3.org\/2000\/svg\" width=\"15\" height=\"32\" viewBox=\"0 0 15 32\" preserveAspectRatio=\"xMidYMid meet\" aria-labelledby='av-svg-title-2' aria-describedby='av-svg-desc-2' role=\"graphics-symbol\" aria-hidden=\"true\">\n<title id='av-svg-title-2'>Posterior<\/title>\n<desc id='av-svg-desc-2'>Posterior<\/desc>\n<path d=\"M0.416 27.84l11.456-11.84-11.456-11.904q-0.832-0.832 0-1.536 0.832-0.832 1.536 0l12.544 12.608q0.768 0.832 0 1.6l-12.544 12.608q-0.704 0.832-1.536 0-0.832-0.704 0-1.536z\"><\/path>\n<\/svg><span class='avia_hidden_link_text'>Posterior<\/span><\/a><\/div><div class='av-slideshow-caption av-k7bqifj1-eddf1562a7e20d07c49e688cc0401f2a__0 caption_fullwidth caption_bottom'><div class=\"container caption_container\"><div class=\"slideshow_caption\"><div class=\"slideshow_inner_caption\"><div class=\"slideshow_align_caption\"><h2 class='avia-caption-title '  itemprop=\"name\" >\u00bfQu\u00e9 es un destino?<\/h2><div class='avia-caption-content '  itemprop=\"description\" ><p>Un destino es aquel lugar que merece una visita. Un destino puede ser un pa\u00eds, una regi\u00f3n, una ciudad o un barrio, pero tambi\u00e9n puede ser un hotel, un restaurante, un parque tem\u00e1tico, un resort, un monumento, un espect\u00e1culo, un evento&#8230; La clave es tener la capacidad de atraer visitantes por su propios m\u00e9ritos.<\/p>\n<\/div><\/div><\/div><\/div><\/div><\/div><\/div><\/div>\n","protected":false},"excerpt":{"rendered":"","protected":false},"author":5,"featured_media":681,"parent":0,"menu_order":0,"comment_status":"closed","ping_status":"closed","template":"","meta":{"footnotes":""},"class_list":["post-65","page","type-page","status-publish","has-post-thumbnail","hentry"],"_links":{"self":[{"href":"https:\/\/jmribera.com\/es\/wp-json\/wp\/v2\/pages\/65","targetHints":{"allow":["GET"]}}],"collection":[{"href":"https:\/\/jmribera.com\/es\/wp-json\/wp\/v2\/pages"}],"about":[{"href":"https:\/\/jmribera.com\/es\/wp-json\/wp\/v2\/types\/page"}],"author":[{"embeddable":true,"href":"https:\/\/jmribera.com\/es\/wp-json\/wp\/v2\/users\/5"}],"replies":[{"embeddable":true,"href":"https:\/\/jmribera.com\/es\/wp-json\/wp\/v2\/comments?post=65"}],"version-history":[{"count":3,"href":"https:\/\/jmribera.com\/es\/wp-json\/wp\/v2\/pages\/65\/revisions"}],"predecessor-version":[{"id":4430,"href":"https:\/\/jmribera.com\/es\/wp-json\/wp\/v2\/pages\/65\/revisions\/4430"}],"wp:featuredmedia":[{"embeddable":true,"href":"https:\/\/jmribera.com\/es\/wp-json\/wp\/v2\/media\/681"}],"wp:attachment":[{"href":"https:\/\/jmribera.com\/es\/wp-json\/wp\/v2\/media?parent=65"}],"curies":[{"name":"wp","href":"https:\/\/api.w.org\/{rel}","templated":true}]}}