{"id":4030,"date":"2023-09-20T17:36:12","date_gmt":"2023-09-20T15:36:12","guid":{"rendered":"https:\/\/jmribera.com\/fr\/?page_id=4030"},"modified":"2025-12-16T12:56:51","modified_gmt":"2025-12-16T11:56:51","slug":"accueil","status":"publish","type":"page","link":"https:\/\/jmribera.com\/fr\/","title":{"rendered":"Accueil"},"content":{"rendered":"<div   class='avia-fullscreen-slider main_color   avia-builder-el-0  avia-builder-el-no-sibling  container_wrap fullsize'  ><div  class='avia-slideshow av-d6tzx-a6bac078ab45148b3bdc0159963eaf5d avia-slideshow-extra_large av_fullscreen avia-fade-slider av-slideshow-ui av-control-default av-nav-arrows-visible av-hide-nav-arrows av-slideshow-autoplay av-loop-endless av-loop-manual-endless av-default-height-applied   avia-slideshow-1' data-slideshow-options=\"{&quot;animation&quot;:&quot;fade&quot;,&quot;autoplay&quot;:true,&quot;loop_autoplay&quot;:&quot;endless&quot;,&quot;interval&quot;:4,&quot;loop_manual&quot;:&quot;manual-endless&quot;,&quot;autoplay_stopper&quot;:false,&quot;noNavigation&quot;:false,&quot;bg_slider&quot;:true,&quot;keep_padding&quot;:false,&quot;hoverpause&quot;:false,&quot;show_slide_delay&quot;:0,&quot;slide_height&quot;:&quot;100&quot;,&quot;image_attachment&quot;:&quot;&quot;}\"  itemprop=\"image\" itemscope=\"itemscope\" itemtype=\"https:\/\/schema.org\/ImageObject\" ><ul class='avia-slideshow-inner ' style='padding-bottom: 66.7%;'><li style='background-position:top left;' data-img-url='https:\/\/jmribera.com\/wp-content\/uploads\/2014\/10\/Terraza-y-cocina-reducida.jpg' class='avia-slideshow-slide av-d6tzx-a6bac078ab45148b3bdc0159963eaf5d__0  slide-1 slide-odd'><a href=\"https:\/\/jmribera.com\/fr\/projets\/\"  data-rel='slideshow-1' class='avia-slide-wrap '   ><\/a><\/li><li style='background-position:center center;' data-img-url='https:\/\/jmribera.com\/wp-content\/uploads\/2016\/09\/principal-1500x1125.jpg' class='avia-slideshow-slide av-d6tzx-a6bac078ab45148b3bdc0159963eaf5d__1  slide-2 slide-even'><div data-rel='slideshow-1' class='avia-slide-wrap '   ><\/div><\/li><li style='background-position:bottom center;' data-img-url='https:\/\/jmribera.com\/wp-content\/uploads\/2014\/09\/IMG_0182-1500x1125.jpg' class='avia-slideshow-slide av-d6tzx-a6bac078ab45148b3bdc0159963eaf5d__2  slide-3 slide-odd'><div data-rel='slideshow-1' class='avia-slide-wrap '   ><\/div><\/li><li style='background-position:Center Center;' data-img-url='https:\/\/jmribera.com\/wp-content\/uploads\/2014\/12\/IMG_7905-1500x1125.jpg' class='avia-slideshow-slide av-d6tzx-a6bac078ab45148b3bdc0159963eaf5d__3  slide-4 slide-even'><div data-rel='slideshow-1' class='avia-slide-wrap '   ><\/div><\/li><li style='background-position:top left;' data-img-url='https:\/\/jmribera.com\/wp-content\/uploads\/2014\/09\/IMG_2454-1500x1125.jpg' class='avia-slideshow-slide av-d6tzx-a6bac078ab45148b3bdc0159963eaf5d__4  slide-5 slide-odd'><div data-rel='slideshow-1' class='avia-slide-wrap '   ><\/div><\/li><li style='background-position:Center Center;' data-img-url='https:\/\/jmribera.com\/wp-content\/uploads\/2014\/12\/IMG_7242-1125x1500.jpg' class='avia-slideshow-slide av-d6tzx-a6bac078ab45148b3bdc0159963eaf5d__5  slide-6 slide-even'><div data-rel='slideshow-1' class='avia-slide-wrap '   ><\/div><\/li><li style='background-position:center center;' data-img-url='https:\/\/jmribera.com\/wp-content\/uploads\/2016\/09\/principal-1-1500x1125.jpg' class='avia-slideshow-slide av-d6tzx-a6bac078ab45148b3bdc0159963eaf5d__6  slide-7 slide-odd'><div data-rel='slideshow-1' class='avia-slide-wrap '   ><\/div><\/li><li style='background-position:bottom center;' data-img-url='https:\/\/jmribera.com\/wp-content\/uploads\/2014\/08\/biosphere_inici.jpg' class='avia-slideshow-slide av-d6tzx-a6bac078ab45148b3bdc0159963eaf5d__7  slide-8 slide-even'><div data-rel='slideshow-1' class='avia-slide-wrap '   ><\/div><\/li><li style='background-position:center center;' data-img-url='https:\/\/jmribera.com\/wp-content\/uploads\/2014\/08\/IMG_6409-1500x1125.jpg' class='avia-slideshow-slide av-d6tzx-a6bac078ab45148b3bdc0159963eaf5d__8  slide-9 slide-odd'><div data-rel='slideshow-1' class='avia-slide-wrap '   ><\/div><\/li><li style='background-position:bottom center;' data-img-url='https:\/\/jmribera.com\/wp-content\/uploads\/2014\/12\/Main-suite.jpg' class='avia-slideshow-slide av-d6tzx-a6bac078ab45148b3bdc0159963eaf5d__9  slide-10 slide-even'><div data-rel='slideshow-1' class='avia-slide-wrap '   ><\/div><\/li><li style='background-position:bottom center;' data-img-url='https:\/\/jmribera.com\/wp-content\/uploads\/2014\/12\/portada_ciclisme.jpg' class='avia-slideshow-slide av-d6tzx-a6bac078ab45148b3bdc0159963eaf5d__10  slide-11 slide-odd'><a href=\"https:\/\/jmribera.com\/fr\/projets\/\"  data-rel='slideshow-1' class='avia-slide-wrap '   ><\/a><\/li><li style='background-position:Center Center;' data-img-url='https:\/\/jmribera.com\/wp-content\/uploads\/2014\/12\/IMG_9051-1500x1125.jpg' class='avia-slideshow-slide av-d6tzx-a6bac078ab45148b3bdc0159963eaf5d__11  slide-12 slide-even'><div data-rel='slideshow-1' class='avia-slide-wrap '   ><\/div><\/li><li style='background-position:Center Center;' data-img-url='https:\/\/jmribera.com\/wp-content\/uploads\/2014\/12\/IMG_6711-1500x1125.jpg' class='avia-slideshow-slide av-d6tzx-a6bac078ab45148b3bdc0159963eaf5d__12  slide-13 slide-odd'><div data-rel='slideshow-1' class='avia-slide-wrap '   ><\/div><\/li><li style='background-position:Center Center;' data-img-url='https:\/\/jmribera.com\/wp-content\/uploads\/2014\/12\/IMG_6138-1500x1125.jpg' class='avia-slideshow-slide av-d6tzx-a6bac078ab45148b3bdc0159963eaf5d__13  slide-14 slide-even'><div data-rel='slideshow-1' class='avia-slide-wrap '   ><\/div><\/li><li style='background-position:Center Center;' data-img-url='https:\/\/jmribera.com\/wp-content\/uploads\/2014\/12\/IMG_4860-1500x1125.jpg' class='avia-slideshow-slide av-d6tzx-a6bac078ab45148b3bdc0159963eaf5d__14  slide-15 slide-odd'><div data-rel='slideshow-1' class='avia-slide-wrap '   ><\/div><\/li><li style='background-position:Center Center;' data-img-url='https:\/\/jmribera.com\/wp-content\/uploads\/2014\/12\/IMG_1887-1500x1125.jpg' class='avia-slideshow-slide av-d6tzx-a6bac078ab45148b3bdc0159963eaf5d__15  slide-16 slide-even'><div data-rel='slideshow-1' class='avia-slide-wrap '   ><\/div><\/li><li style='background-position:Center Center;' data-img-url='https:\/\/jmribera.com\/wp-content\/uploads\/2014\/12\/IMG_1366-1500x1125.jpg' class='avia-slideshow-slide av-d6tzx-a6bac078ab45148b3bdc0159963eaf5d__16  slide-17 slide-odd'><div data-rel='slideshow-1' class='avia-slide-wrap '   ><\/div><\/li><li style='background-position:Center Center;' data-img-url='https:\/\/jmribera.com\/wp-content\/uploads\/2014\/12\/IMG_0849-1500x1125.jpg' class='avia-slideshow-slide av-d6tzx-a6bac078ab45148b3bdc0159963eaf5d__17  slide-18 slide-even'><div data-rel='slideshow-1' class='avia-slide-wrap '   ><\/div><\/li><li style='background-position:Center Center;' data-img-url='https:\/\/jmribera.com\/wp-content\/uploads\/2014\/12\/Captura-de-pantalla-2014-11-06-a-las-17.29.31.png' class='avia-slideshow-slide av-d6tzx-a6bac078ab45148b3bdc0159963eaf5d__18  slide-19 slide-odd'><div data-rel='slideshow-1' class='avia-slide-wrap '   ><\/div><\/li><li style='background-position:Center Center;' data-img-url='https:\/\/jmribera.com\/wp-content\/uploads\/2014\/12\/Captura-de-pantalla-2014-10-27-a-las-16.13.30.png' class='avia-slideshow-slide av-d6tzx-a6bac078ab45148b3bdc0159963eaf5d__19  slide-20 slide-even'><div data-rel='slideshow-1' class='avia-slide-wrap '   ><\/div><\/li><\/ul><div class='avia-slideshow-arrows avia-slideshow-controls' ><a href='#prev' class='prev-slide  avia-svg-icon avia-font-svg_entypo-fontello' data-av_svg_icon='left-open-big' data-av_iconset='svg_entypo-fontello' tabindex='-1' title=\"Pr\u00e9c\u00e9dent\"><svg version=\"1.1\" xmlns=\"http:\/\/www.w3.org\/2000\/svg\" width=\"15\" height=\"32\" viewBox=\"0 0 15 32\" preserveAspectRatio=\"xMidYMid meet\" aria-labelledby='av-svg-title-1' aria-describedby='av-svg-desc-1' role=\"graphics-symbol\" aria-hidden=\"true\">\n<title id='av-svg-title-1'>Pr\u00e9c\u00e9dent<\/title>\n<desc id='av-svg-desc-1'>Pr\u00e9c\u00e9dent<\/desc>\n<path d=\"M14.464 27.84q0.832 0.832 0 1.536-0.832 0.832-1.536 0l-12.544-12.608q-0.768-0.768 0-1.6l12.544-12.608q0.704-0.832 1.536 0 0.832 0.704 0 1.536l-11.456 11.904z\"><\/path>\n<\/svg><span class='avia_hidden_link_text'>Pr\u00e9c\u00e9dent<\/span><\/a><a href='#next' class='next-slide  avia-svg-icon avia-font-svg_entypo-fontello' data-av_svg_icon='right-open-big' data-av_iconset='svg_entypo-fontello' tabindex='-1' title=\"Suivant\"><svg version=\"1.1\" xmlns=\"http:\/\/www.w3.org\/2000\/svg\" width=\"15\" height=\"32\" viewBox=\"0 0 15 32\" preserveAspectRatio=\"xMidYMid meet\" aria-labelledby='av-svg-title-2' aria-describedby='av-svg-desc-2' role=\"graphics-symbol\" aria-hidden=\"true\">\n<title id='av-svg-title-2'>Suivant<\/title>\n<desc id='av-svg-desc-2'>Suivant<\/desc>\n<path d=\"M0.416 27.84l11.456-11.84-11.456-11.904q-0.832-0.832 0-1.536 0.832-0.832 1.536 0l12.544 12.608q0.768 0.832 0 1.6l-12.544 12.608q-0.704 0.832-1.536 0-0.832-0.704 0-1.536z\"><\/path>\n<\/svg><span class='avia_hidden_link_text'>Suivant<\/span><\/a><\/div><div class='avia-slideshow-dots avia-slideshow-controls'><a href='#1' class='goto-slide active' >1<\/a><a href='#2' class='goto-slide ' >2<\/a><a href='#3' class='goto-slide ' >3<\/a><a href='#4' class='goto-slide ' >4<\/a><a href='#5' class='goto-slide ' >5<\/a><a href='#6' class='goto-slide ' >6<\/a><a href='#7' class='goto-slide ' >7<\/a><a href='#8' class='goto-slide ' >8<\/a><a href='#9' class='goto-slide ' >9<\/a><a href='#10' class='goto-slide ' >10<\/a><a href='#11' class='goto-slide ' >11<\/a><a href='#12' class='goto-slide ' >12<\/a><a href='#13' class='goto-slide ' >13<\/a><a href='#14' class='goto-slide ' >14<\/a><a href='#15' class='goto-slide ' >15<\/a><a href='#16' class='goto-slide ' >16<\/a><a href='#17' class='goto-slide ' >17<\/a><a href='#18' class='goto-slide ' >18<\/a><a href='#19' class='goto-slide ' >19<\/a><a href='#20' class='goto-slide ' >20<\/a><\/div><div class='av-slideshow-caption av-d6tzx-a6bac078ab45148b3bdc0159963eaf5d__0 caption_fullwidth caption_bottom'><div class=\"container caption_container\"><div class=\"slideshow_caption\"><div class=\"slideshow_inner_caption\"><div class=\"slideshow_align_caption\"><h2 class='avia-caption-title '  itemprop=\"name\" >QU\u2018EST-CE QU\u2019UNE DESTINATION ?<\/h2><div class='avia-caption-content '  itemprop=\"description\" ><p>Une destination est cet endroit qui m\u00e9rite une visite. Une destination peut \u00eatre un pays, une r\u00e9gion, une ville ou un quartier, mais cela peut aussi \u00eatre un h\u00f4tel, un restaurant, un parc \u00e0 th\u00e8me, un resort, un monument, un spectacle, un \u00e9v\u00e9nement&#8230; L&#8217;essentiel est d&#8217;avoir la capacit\u00e9 d&#8217;attirer les visiteurs selon leurs propres m\u00e9rites.<\/p>\n<\/div><\/div><\/div><\/div><\/div><\/div><\/div><\/div>\n","protected":false},"excerpt":{"rendered":"","protected":false},"author":5,"featured_media":3214,"parent":0,"menu_order":0,"comment_status":"closed","ping_status":"closed","template":"","meta":{"footnotes":""},"class_list":["post-4030","page","type-page","status-publish","has-post-thumbnail","hentry"],"_links":{"self":[{"href":"https:\/\/jmribera.com\/fr\/wp-json\/wp\/v2\/pages\/4030","targetHints":{"allow":["GET"]}}],"collection":[{"href":"https:\/\/jmribera.com\/fr\/wp-json\/wp\/v2\/pages"}],"about":[{"href":"https:\/\/jmribera.com\/fr\/wp-json\/wp\/v2\/types\/page"}],"author":[{"embeddable":true,"href":"https:\/\/jmribera.com\/fr\/wp-json\/wp\/v2\/users\/5"}],"replies":[{"embeddable":true,"href":"https:\/\/jmribera.com\/fr\/wp-json\/wp\/v2\/comments?post=4030"}],"version-history":[{"count":8,"href":"https:\/\/jmribera.com\/fr\/wp-json\/wp\/v2\/pages\/4030\/revisions"}],"predecessor-version":[{"id":4391,"href":"https:\/\/jmribera.com\/fr\/wp-json\/wp\/v2\/pages\/4030\/revisions\/4391"}],"wp:featuredmedia":[{"embeddable":true,"href":"https:\/\/jmribera.com\/fr\/wp-json\/wp\/v2\/media\/3214"}],"wp:attachment":[{"href":"https:\/\/jmribera.com\/fr\/wp-json\/wp\/v2\/media?parent=4030"}],"curies":[{"name":"wp","href":"https:\/\/api.w.org\/{rel}","templated":true}]}}