{"id":4192,"date":"2023-09-21T00:33:22","date_gmt":"2023-09-20T22:33:22","guid":{"rendered":"https:\/\/jmribera.com\/fr\/?page_id=4192"},"modified":"2023-09-21T00:40:44","modified_gmt":"2023-09-20T22:40:44","slug":"contact","status":"publish","type":"page","link":"https:\/\/jmribera.com\/fr\/contact\/","title":{"rendered":"Contact"},"content":{"rendered":"<div id='av-layout-grid-1'  class='av-layout-grid-container av-v7bj-c0ab55d48ae9441ce9b517f57ab0a3a3 entry-content-wrapper main_color av-flex-cells  avia-builder-el-0  avia-builder-el-no-sibling  av-cell-min-height av-cell-min-height-100  container_wrap fullsize'   data-av_minimum_height_pc='100'>\n\n<style type=\"text\/css\" data-created_by=\"avia_inline_auto\" id=\"style-css-av-27nauv-4bca8d44d1759d289f6bbfa2940cf599\">\n.flex_cell.av-27nauv-4bca8d44d1759d289f6bbfa2940cf599{\nvertical-align:top;\n}\n.responsive #top #wrap_all .flex_cell.av-27nauv-4bca8d44d1759d289f6bbfa2940cf599{\npadding:30px 30px 30px 30px !important;\n}\n<\/style>\n<div class='flex_cell av-27nauv-4bca8d44d1759d289f6bbfa2940cf599 av-gridrow-cell av_one_half no_margin  avia-builder-el-1  el_before_av_cell_one_half  avia-builder-el-first  content-align-top'  ><div class='flex_cell_inner'><p>\n<style type=\"text\/css\" data-created_by=\"avia_inline_auto\" id=\"style-css-av-20jqv-4d713acc24743c87d53a73f5996772e0\">\n#top .av-special-heading.av-20jqv-4d713acc24743c87d53a73f5996772e0{\npadding-bottom:10px;\n}\nbody .av-special-heading.av-20jqv-4d713acc24743c87d53a73f5996772e0 .av-special-heading-tag .heading-char{\nfont-size:25px;\n}\n#top #wrap_all .av-special-heading.av-20jqv-4d713acc24743c87d53a73f5996772e0 .av-special-heading-tag{\npadding:95px 0 0 0;\n}\n.av-special-heading.av-20jqv-4d713acc24743c87d53a73f5996772e0 .av-subheading{\nfont-size:15px;\n}\n<\/style>\n<div  class='av-special-heading av-20jqv-4d713acc24743c87d53a73f5996772e0 av-special-heading-h3 blockquote modern-quote  avia-builder-el-2  el_before_av_contact  avia-builder-el-first '><h3 class='av-special-heading-tag '  itemprop=\"headline\"  >Contactez-nous<\/h3><div class=\"special-heading-border\"><div class=\"special-heading-inner-border\"><\/div><\/div><\/div><br \/>\n<form action=\"https:\/\/jmribera.com\/fr\/contact\/\" method=\"post\" data-fields-with-error=\"Erreurs trouv\u00e9es dans les champs suivants :\" class=\"avia_ajax_form av-form-labels-hidden   avia-builder-el-3  el_after_av_heading  avia-builder-el-last  av-show-form-errors   \" data-avia-form-id=\"1\" data-avia-redirect='' ><fieldset><p class='  first_form  form_element form_fullwidth' id='element_avia_1_1'><label for=\"avia_1_1\">V\u00f4tre Nom <abbr class=\"required\" title=\"requis(e)\">*<\/abbr><\/label> <input name=\"avia_1_1\" class=\"text_input is_empty\" type=\"text\" id=\"avia_1_1\" value=\"\"  placeholder='V\u00f4tre Nom*'\/><\/p><p class='  first_form  form_element form_fullwidth' id='element_avia_2_1'><label for=\"avia_2_1\">E-Mail <abbr class=\"required\" title=\"requis(e)\">*<\/abbr><\/label> <input name=\"avia_2_1\" class=\"text_input is_email\" type=\"text\" id=\"avia_2_1\" value=\"\"  placeholder='E-Mail*'\/><\/p><p class='  first_form  form_element form_fullwidth' id='element_avia_3_1'><label for=\"avia_3_1\">T\u00e9l\u00e9phone  <abbr class=\"required\" title=\"requis(e)\">*<\/abbr><\/label> <input name=\"avia_3_1\" class=\"text_input is_phone\" type=\"text\" id=\"avia_3_1\" value=\"\"  placeholder='T\u00e9l\u00e9phone *'\/><\/p><p class='  first_form  form_element form_fullwidth' id='element_avia_4_1'><label for=\"avia_4_1\">Objet du message <abbr class=\"required\" title=\"requis(e)\">*<\/abbr><\/label> <input name=\"avia_4_1\" class=\"text_input is_empty\" type=\"text\" id=\"avia_4_1\" value=\"\"  placeholder='Objet du message*'\/><\/p><p class='  first_form  form_element form_fullwidth' id='element_avia_5_1'><label for=\"avia_5_1\" class=\"textare_label hidden textare_label_avia_5_1\">Message <abbr class=\"required\" title=\"requis(e)\">*<\/abbr><\/label><textarea  placeholder='Message*' name=\"avia_5_1\" class=\"text_area is_empty\" cols=\"40\" rows=\"7\" id=\"avia_5_1\" ><\/textarea><\/p><p class=\"hidden\"><input type=\"text\" name=\"avia_6_1\" class=\"hidden \" id=\"avia_6_1\" value=\"\" \/><\/p><div id='avia_7_1' class='av-recaptcha-area  first_form  form_element form_fullwidth '  data-container_class=\"\" data-custom_class=\"\" data-context=\"av_contact_form\" data-token_input=\"av_recaptcha_token\" data-version=\"avia_recaptcha_v3\" data-theme=\"light\" data-size=\"normal\" data-score=\"0.5\" data-text_to_preview=\"\" data-value=\"\"><div class=\"av-google-badge-message hidden\">Ce site est prot\u00e9g\u00e9 par reCAPTCHA et la <a href=\"https:\/\/policies.google.com\/privacy\">politique de confidentialit\u00e9<\/a> de Google et <a href=\"https:\/\/policies.google.com\/terms\">leur conditions d\u2019utilisation<\/a> s\u2019appliquent.<\/div><\/div><p class=\"form_element \"><input type=\"hidden\" value=\"1\" name=\"avia_generated_form1\" \/><input type=\"submit\" value=\"Envoyer\" class=\"button\"  data-sending-label=\"Envoi\"\/><\/p><\/fieldset><div class=\"avia-disabled-form\">Ce formulaire est d\u00e9sactiv\u00e9 dans la mesure o\u00f9 vous refusez d\u2019accepter le service Google reCAPTCHA n\u00e9cessaire pour valider toute exp\u00e9dition de message depuis celui-ci.<\/div><\/form><div id=\"ajaxresponse_1\" class=\"ajaxresponse ajaxresponse_1 hidden\"><\/div><\/p>\n<\/div><\/div>\n<style type=\"text\/css\" data-created_by=\"avia_inline_auto\" id=\"style-css-av-15b7zj-8acb6a26d10f81ff80d830a7bb742363\">\n.flex_cell.av-15b7zj-8acb6a26d10f81ff80d830a7bb742363{\nvertical-align:top;\n}\n.responsive #top #wrap_all .flex_cell.av-15b7zj-8acb6a26d10f81ff80d830a7bb742363{\npadding:30px 30px 30px 30px !important;\n}\n<\/style>\n<div class='flex_cell av-15b7zj-8acb6a26d10f81ff80d830a7bb742363 av-gridrow-cell av_one_half no_margin  avia-builder-el-4  el_after_av_cell_one_half  avia-builder-el-last  content-align-top'  ><div class='flex_cell_inner'><p><section  class='av_textblock_section av-qu3yf-d89f94eb460341334d99d92939a5da08 '   itemscope=\"itemscope\" itemtype=\"https:\/\/schema.org\/CreativeWork\" ><div class='avia_textblock'  itemprop=\"text\" ><p><strong>Juan Manuel Ribera<\/strong><\/p>\n<p><a href=\"mailto:jmribera@jmribera.com\">jmribera@jmribera.com<\/a><\/p>\n<p><a href=\"tel:+34649885136\">T. (+34) 649.885.136<\/a><\/p>\n<\/div><\/section><br \/>\n\n<style type=\"text\/css\" data-created_by=\"avia_inline_auto\" id=\"style-css-av-leustqhl-ea0c3f011e6067f809a98f6f13fef8c6\">\n.avia-image-container.av-leustqhl-ea0c3f011e6067f809a98f6f13fef8c6 img.avia_image{\nbox-shadow:none;\n}\n.avia-image-container.av-leustqhl-ea0c3f011e6067f809a98f6f13fef8c6 .av-image-caption-overlay-center{\ncolor:#ffffff;\n}\n<\/style>\n<div  class='avia-image-container av-leustqhl-ea0c3f011e6067f809a98f6f13fef8c6 av-styling- avia-align-center  avia-builder-el-6  el_after_av_textblock  el_before_av_heading '   itemprop=\"image\" itemscope=\"itemscope\" itemtype=\"https:\/\/schema.org\/ImageObject\" ><div class=\"avia-image-container-inner\"><div class=\"avia-image-overlay-wrap\"><img decoding=\"async\" fetchpriority=\"high\" class='wp-image-3950 avia-img-lazy-loading-not-3950 avia_image ' src=\"https:\/\/jmribera.com\/wp-content\/uploads\/2023\/03\/morato-1030x463.jpeg\" alt='' title='morato\u0301'  height=\"463\" width=\"1030\"  itemprop=\"thumbnailUrl\" srcset=\"https:\/\/jmribera.com\/wp-content\/uploads\/2023\/03\/morato-1030x463.jpeg 1030w, https:\/\/jmribera.com\/wp-content\/uploads\/2023\/03\/morato-300x135.jpeg 300w, https:\/\/jmribera.com\/wp-content\/uploads\/2023\/03\/morato-768x345.jpeg 768w, https:\/\/jmribera.com\/wp-content\/uploads\/2023\/03\/morato-1536x691.jpeg 1536w, https:\/\/jmribera.com\/wp-content\/uploads\/2023\/03\/morato-1200x540.jpeg 1200w, https:\/\/jmribera.com\/wp-content\/uploads\/2023\/03\/morato-1500x675.jpeg 1500w, https:\/\/jmribera.com\/wp-content\/uploads\/2023\/03\/morato-705x317.jpeg 705w, https:\/\/jmribera.com\/wp-content\/uploads\/2023\/03\/morato.jpeg 2048w\" sizes=\"(max-width: 1030px) 100vw, 1030px\" \/><\/div><\/div><\/div><br \/>\n\n<style type=\"text\/css\" data-created_by=\"avia_inline_auto\" id=\"style-css-av-99ran-45227b5cda6f3ef1e9467122c332c7ec\">\n#top .av-special-heading.av-99ran-45227b5cda6f3ef1e9467122c332c7ec{\npadding-bottom:10px;\nfont-size:18px;\n}\nbody .av-special-heading.av-99ran-45227b5cda6f3ef1e9467122c332c7ec .av-special-heading-tag .heading-char{\nfont-size:25px;\n}\n#top #wrap_all .av-special-heading.av-99ran-45227b5cda6f3ef1e9467122c332c7ec .av-special-heading-tag{\nfont-size:18px;\n}\n.av-special-heading.av-99ran-45227b5cda6f3ef1e9467122c332c7ec .av-subheading{\nfont-size:15px;\n}\n\n@media only screen and (min-width: 480px) and (max-width: 767px){ \n#top #wrap_all .av-special-heading.av-99ran-45227b5cda6f3ef1e9467122c332c7ec .av-special-heading-tag{\nfont-size:0.8em;\n}\n}\n\n@media only screen and (max-width: 479px){ \n#top #wrap_all .av-special-heading.av-99ran-45227b5cda6f3ef1e9467122c332c7ec .av-special-heading-tag{\nfont-size:0.8em;\n}\n}\n<\/style>\n<div  class='av-special-heading av-99ran-45227b5cda6f3ef1e9467122c332c7ec av-special-heading-h3 blockquote modern-quote  avia-builder-el-7  el_after_av_image  el_before_av_textblock  av-inherit-size'><h3 class='av-special-heading-tag '  itemprop=\"headline\"  >Politique de Confidentialit\u00e9<\/h3><div class=\"special-heading-border\"><div class=\"special-heading-inner-border\"><\/div><\/div><\/div><br \/>\n<section  class='av_textblock_section av-hbhun-d7e4ae84db01eaa5605b525ae0f98147 '   itemscope=\"itemscope\" itemtype=\"https:\/\/schema.org\/CreativeWork\" ><div class='avia_textblock'  itemprop=\"text\" ><p>Les donn\u00e9es personnelles collect\u00e9es via le site Web sont utilis\u00e9es uniquement dans le but de fournir les services demand\u00e9s. Vos donn\u00e9es seront stock\u00e9es dans des fichiers appartenant \u00e0 JMR &amp; Partners et seront archiv\u00e9es dans les d\u00e9lais l\u00e9galement requis. Vous pouvez exercer vos droits d&#8217;acc\u00e8s, de rectification, d&#8217;annulation et d&#8217;opposition en \u00e9crivant \u00e0 JMR &amp; Partners, email: jmribera@jmribera.com<\/p>\n<\/div><\/section><\/p>\n<\/div><\/div><\/div>\n","protected":false},"excerpt":{"rendered":"","protected":false},"author":5,"featured_media":691,"parent":0,"menu_order":0,"comment_status":"closed","ping_status":"closed","template":"","meta":{"footnotes":""},"class_list":["post-4192","page","type-page","status-publish","has-post-thumbnail","hentry"],"_links":{"self":[{"href":"https:\/\/jmribera.com\/fr\/wp-json\/wp\/v2\/pages\/4192","targetHints":{"allow":["GET"]}}],"collection":[{"href":"https:\/\/jmribera.com\/fr\/wp-json\/wp\/v2\/pages"}],"about":[{"href":"https:\/\/jmribera.com\/fr\/wp-json\/wp\/v2\/types\/page"}],"author":[{"embeddable":true,"href":"https:\/\/jmribera.com\/fr\/wp-json\/wp\/v2\/users\/5"}],"replies":[{"embeddable":true,"href":"https:\/\/jmribera.com\/fr\/wp-json\/wp\/v2\/comments?post=4192"}],"version-history":[{"count":3,"href":"https:\/\/jmribera.com\/fr\/wp-json\/wp\/v2\/pages\/4192\/revisions"}],"predecessor-version":[{"id":4196,"href":"https:\/\/jmribera.com\/fr\/wp-json\/wp\/v2\/pages\/4192\/revisions\/4196"}],"wp:featuredmedia":[{"embeddable":true,"href":"https:\/\/jmribera.com\/fr\/wp-json\/wp\/v2\/media\/691"}],"wp:attachment":[{"href":"https:\/\/jmribera.com\/fr\/wp-json\/wp\/v2\/media?parent=4192"}],"curies":[{"name":"wp","href":"https:\/\/api.w.org\/{rel}","templated":true}]}}