{"id":4325,"date":"2023-09-21T03:07:32","date_gmt":"2023-09-21T01:07:32","guid":{"rendered":"https:\/\/jmribera.com\/fr\/?page_id=4325"},"modified":"2023-09-21T03:14:33","modified_gmt":"2023-09-21T01:14:33","slug":"presse","status":"publish","type":"page","link":"https:\/\/jmribera.com\/fr\/presse\/","title":{"rendered":"Presse"},"content":{"rendered":"<div  class='flex_column av-3ur2e-b8bde5b74bb5abb90067e4c995383eaa av_one_third  avia-builder-el-0  el_before_av_one_third  avia-builder-el-first  first flex_column_div  '     ><p>\n<style type=\"text\/css\" data-created_by=\"avia_inline_auto\" id=\"style-css-av-lahzoq8f-26bc38d966dbd2c756549b09cd55cf63\">\n#top .av-special-heading.av-lahzoq8f-26bc38d966dbd2c756549b09cd55cf63{\npadding-bottom:10px;\nfont-size:24px;\n}\nbody .av-special-heading.av-lahzoq8f-26bc38d966dbd2c756549b09cd55cf63 .av-special-heading-tag .heading-char{\nfont-size:25px;\n}\n#top #wrap_all .av-special-heading.av-lahzoq8f-26bc38d966dbd2c756549b09cd55cf63 .av-special-heading-tag{\nfont-size:24px;\n}\n.av-special-heading.av-lahzoq8f-26bc38d966dbd2c756549b09cd55cf63 .av-subheading{\nfont-size:15px;\n}\n\n@media only screen and (min-width: 480px) and (max-width: 767px){ \n#top #wrap_all .av-special-heading.av-lahzoq8f-26bc38d966dbd2c756549b09cd55cf63 .av-special-heading-tag{\nfont-size:0.8em;\n}\n}\n\n@media only screen and (max-width: 479px){ \n#top #wrap_all .av-special-heading.av-lahzoq8f-26bc38d966dbd2c756549b09cd55cf63 .av-special-heading-tag{\nfont-size:0.8em;\n}\n}\n<\/style>\n<div  class='av-special-heading av-lahzoq8f-26bc38d966dbd2c756549b09cd55cf63 av-special-heading-h3 blockquote modern-quote  avia-builder-el-1  el_before_av_textblock  avia-builder-el-first  av-inherit-size'><h3 class='av-special-heading-tag '  itemprop=\"headline\"  >Le tourisme n\u2019existe pas<\/h3><div class=\"special-heading-border\"><div class=\"special-heading-inner-border\"><\/div><\/div><\/div><br \/>\n<section  class='av_textblock_section av-9l4f0m-8ed414b638b09a7e19d55c0d9b371642 '   itemscope=\"itemscope\" itemtype=\"https:\/\/schema.org\/CreativeWork\" ><div class='avia_textblock'  itemprop=\"text\" ><p>En tant que secteur, je veux dire. Si j&#8217;ai appris quelque chose apr\u00e8s tant d&#8217;ann\u00e9es consacr\u00e9es au tourisme, c&#8217;est que ce n&#8217;est pas un secteur, mais une confluence de secteurs tr\u00e8s vari\u00e9s. R\u00e9duire le secteur du tourisme \u00e0 l&#8217;h\u00f4tellerie est une grave erreur, surtout \u00e0 Barcelone, qui est devenue une destination \u00e0 succ\u00e8s mondial non seulement en raison de son parc d&#8217;h\u00e9bergement touristique, mais aussi en raison d&#8217;une heureuse combinaison d&#8217;espace et de style d&#8217;h\u00e9bergement. et modernit\u00e9, seny i rauxa, \u00e0 travers une histoire ancienne.<\/p>\n<p>C&#8217;est gr\u00e2ce \u00e0 sa culture, qui a \u00e9t\u00e9 efficacement projet\u00e9e dans le monde avec l&#8217;explosion \u00e9motionnelle de la fiert\u00e9 citoyenne et la grande campagne de communication mondiale qu&#8217;ont repr\u00e9sent\u00e9 les Jeux Olympiques de 1992.<\/p>\n<p>Il est clair que le secteur de l&#8217;h\u00f4tellerie, avec sa qualit\u00e9 et son professionnalisme incontestables, a \u00e9t\u00e9 essentiel pour accueillir les touristes qui nous visitent et enrichir leur exp\u00e9rience dans la ville, mais sans des secteurs tels que les transports, le commerce, la gastronomie, le sport, la culture, l&#8217;\u00e9v\u00e9nementiel, vie nocturne, universit\u00e9s, sant\u00e9, foires, congr\u00e8s, finances, t\u00e9l\u00e9communications et sans services publics de qualit\u00e9 (mobilit\u00e9, s\u00e9curit\u00e9, propret\u00e9, sant\u00e9&#8230;), les h\u00f4tels de Barcelone seraient vides.<\/p>\n<p>Autrement dit, lorsque nous parlons du secteur du tourisme, nous parlons de pratiquement tous les secteurs qui composent la soci\u00e9t\u00e9. R\u00e9soudre les effets ind\u00e9sirables du tourisme, qui ne sont pas rares, est donc une t\u00e2che n\u00e9cessairement collective.<\/p>\n<\/div><\/section><\/p><\/div><div  class='flex_column av-82kguu-de6002e96a475c0dc806593a5e5dd889 av_one_third  avia-builder-el-3  el_after_av_one_third  el_before_av_one_third  flex_column_div  '     ><p>\n<style type=\"text\/css\" data-created_by=\"avia_inline_auto\" id=\"style-css-av-lai1q8fo-7fc0d0699cc91c13b9416e2c9664821c\">\n.iconbox.av-lai1q8fo-7fc0d0699cc91c13b9416e2c9664821c .iconbox_icon{\ncolor:#edae44;\n}\n.iconbox.av-lai1q8fo-7fc0d0699cc91c13b9416e2c9664821c .iconbox_icon.avia-svg-icon svg:first-child{\nfill:#edae44;\nstroke:#edae44;\n}\n<\/style>\n<article  class='iconbox iconbox_left av-lai1q8fo-7fc0d0699cc91c13b9416e2c9664821c  avia-builder-el-4  el_before_av_textblock  avia-builder-el-first '  itemscope=\"itemscope\" itemtype=\"https:\/\/schema.org\/CreativeWork\" ><div class=\"iconbox_content\"><header class=\"entry-content-header\" aria-label=\"Ic\u00f4ne : LE TOURISTE EST UN CITOYEN TEMPORAIRE, AVEC DES DROITS ET DES DEVOIRS\"><div class='iconbox_icon heading-color avia-iconfont avia-font-entypo-fontello' data-av_icon='\ue833' data-av_iconfont='entypo-fontello'  ><\/div><h3 class='iconbox_content_title '  itemprop=\"headline\" >LE TOURISTE EST UN CITOYEN TEMPORAIRE, AVEC DES DROITS ET DES DEVOIRS<\/h3><\/header><div class='iconbox_content_container '  itemprop=\"text\" ><\/div><\/div><footer class=\"entry-footer\"><\/footer><\/article><br \/>\n<section  class='av_textblock_section av-knth2-46a7071897a5bee8df9fd7da3cbe2d5d '   itemscope=\"itemscope\" itemtype=\"https:\/\/schema.org\/CreativeWork\" ><div class='avia_textblock'  itemprop=\"text\" ><p>Une autre chose que j&#8217;ai \u00e9galement apprise est que dans les capitales mondiales, comme Barcelone, la fronti\u00e8re entre citoyen et touriste est de plus en plus floue et subtile. Il y a des touristes qui ont l&#8217;air d&#8217;\u00eatre \u00e0 une heure d&#8217;ici, mais il y en a d&#8217;autres qui non seulement n&#8217;en ont pas l&#8217;air, mais nous serions ravis s&#8217;ils \u00e9taient nos voisins d&#8217;\u00e0 c\u00f4t\u00e9. L&#8217;Organisation mondiale du tourisme (OMT) des Nations Unies d\u00e9finit un touriste comme une personne qui passe entre un jour et un an dans une destination sp\u00e9cifique. Un touriste peut faire la queue \u00e0 la Sagrada Fam\u00edlia, surfer \u00e0 la Barceloneta, boire du vermouth lors d&#8217;un \u00e9v\u00e9nement au Poble Sec, participer \u00e0 un festival de courts m\u00e9trages, courir le long de la Carretera de las Ag\u00fces, regarder un match du Bar\u00e7a, acheter des espadrilles \u00e0 Sants, collaborer avec un ONG, participer \u00e0 une start-up, rendre visite \u00e0 un proche hospitalis\u00e9, \u00e9couter un concert au Palau de la M\u00fasica, danser au Sonar, prendre le m\u00e9tro jusqu&#8217;\u00e0 Nou Barris ou \u00e9tudier \u00e0 l&#8217;Universit\u00e9. Il se pourrait m\u00eame qu&#8217;il s&#8217;agisse de la m\u00eame personne.<\/p>\n<p>R\u00e9soudre les effets ind\u00e9sirables du tourisme, qui sont importants, implique de consid\u00e9rer le touriste comme un citoyen temporaire, dot\u00e9 de droits et de devoirs. \u00catre ouverte aux visiteurs du monde entier est essentiel pour que Barcelone continue \u00e0 \u00eatre une ville mondiale, ouverte, libre, mixte et cosmopolite, mais cela doit \u00eatre fait de mani\u00e8re durable. L&#8217;OMT d\u00e9finit le tourisme durable comme celui qui prend pleinement en compte les impacts \u00e9conomiques, sociaux et environnementaux actuels et futurs du tourisme afin de r\u00e9pondre aux besoins des visiteurs, de l&#8217;industrie, de l&#8217;environnement et des communaut\u00e9s locales.<\/p>\n<\/div><\/section><\/p><\/div><div  class='flex_column av-4falom-ac5e033bd9006b60ec5ac2f656078a9f av_one_third  avia-builder-el-6  el_after_av_one_third  avia-builder-el-last  flex_column_div  '     ><section  class='av_textblock_section av-2gdvja-fb67e6b7f4c95e776ae25c5ccea85c50 '   itemscope=\"itemscope\" itemtype=\"https:\/\/schema.org\/CreativeWork\" ><div class='avia_textblock'  itemprop=\"text\" ><p>Pour parvenir \u00e0 un mod\u00e8le de tourisme durable, il est n\u00e9cessaire de travailler \u00e0 une double \u00e9chelle. D&#8217;une part, \u00e0 une \u00e9chelle \u00ab macro \u00bb qui d\u00e9finit la capacit\u00e9 de charge de la destination ainsi que les outils efficaces pour moduler les flux touristiques, \u00e9tant conscient de la difficult\u00e9 de mettre des portes dans la campagne. D&#8217;un autre c\u00f4t\u00e9, nous devons travailler \u00e0 une \u00e9chelle \u00ab\u00a0micro\u00a0\u00bb qui nous aide \u00e0 savoir de la mani\u00e8re la plus d\u00e9taill\u00e9e possible qui nous visite et si leur visite est durable pour notre ville. En d&#8217;autres termes, si sur le plan social, environnemental et \u00e9conomique, ce citoyen temporaire avec son pr\u00e9nom et son nom nous apporte plus de valeur que ce qui nous enl\u00e8vera, \u00e9tant conscient que nous ne pourrons pas toujours choisir le voisin &#8211; ou le voisin &#8211; de la plateforme.<\/p>\n<p>Comme vous pouvez le constater, nous avons tous beaucoup de travail \u00e0 faire, mais je pense qu&#8217;il est toujours plus reconnaissant de retrousser nos manches pour g\u00e9rer le succ\u00e8s que l&#8217;\u00e9chec.<\/p>\n<p><strong>Joan Manuel Ribera est consultant et r\u00e9dacteur du Plan Strat\u00e9gique Touristique de Catalogne<\/strong><\/p>\n<p><a href=\"https:\/\/jmribera.com\/wp-content\/uploads\/2015\/10\/Article-JMR-La-Vanguardia-_-220915.pdf\" target=\"_blank\" rel=\"noopener\">Publi\u00e9 sur <strong>La Vanguardia<\/strong> &#8211; 22\/09\/15<\/a><\/p>\n<\/div><\/section><\/div><\/p>\n","protected":false},"excerpt":{"rendered":"","protected":false},"author":5,"featured_media":863,"parent":0,"menu_order":0,"comment_status":"closed","ping_status":"closed","template":"","meta":{"footnotes":""},"class_list":["post-4325","page","type-page","status-publish","has-post-thumbnail","hentry"],"_links":{"self":[{"href":"https:\/\/jmribera.com\/fr\/wp-json\/wp\/v2\/pages\/4325","targetHints":{"allow":["GET"]}}],"collection":[{"href":"https:\/\/jmribera.com\/fr\/wp-json\/wp\/v2\/pages"}],"about":[{"href":"https:\/\/jmribera.com\/fr\/wp-json\/wp\/v2\/types\/page"}],"author":[{"embeddable":true,"href":"https:\/\/jmribera.com\/fr\/wp-json\/wp\/v2\/users\/5"}],"replies":[{"embeddable":true,"href":"https:\/\/jmribera.com\/fr\/wp-json\/wp\/v2\/comments?post=4325"}],"version-history":[{"count":4,"href":"https:\/\/jmribera.com\/fr\/wp-json\/wp\/v2\/pages\/4325\/revisions"}],"predecessor-version":[{"id":4333,"href":"https:\/\/jmribera.com\/fr\/wp-json\/wp\/v2\/pages\/4325\/revisions\/4333"}],"wp:featuredmedia":[{"embeddable":true,"href":"https:\/\/jmribera.com\/fr\/wp-json\/wp\/v2\/media\/863"}],"wp:attachment":[{"href":"https:\/\/jmribera.com\/fr\/wp-json\/wp\/v2\/media?parent=4325"}],"curies":[{"name":"wp","href":"https:\/\/api.w.org\/{rel}","templated":true}]}}